{"id":1039,"date":"2023-06-25T21:47:12","date_gmt":"2023-06-25T21:47:12","guid":{"rendered":"http:\/\/s522852895.online.de\/?page_id=1039"},"modified":"2025-06-20T05:23:08","modified_gmt":"2025-06-20T05:23:08","slug":"praktikum","status":"publish","type":"page","link":"https:\/\/hochschulradio-aachen.de\/en\/praktikum","title":{"rendered":"Internship"},"content":{"rendered":"\t\t<div data-elementor-type=\"wp-page\" data-elementor-id=\"1039\" class=\"elementor elementor-1039\">\n\t\t\t\t\t\t<section class=\"elementor-section elementor-top-section elementor-element elementor-element-fb4fc5e elementor-section-boxed elementor-section-height-default elementor-section-height-default\" data-id=\"fb4fc5e\" data-element_type=\"section\">\n\t\t\t\t\t\t<div class=\"elementor-container elementor-column-gap-default\">\n\t\t\t\t\t<div class=\"elementor-column elementor-col-50 elementor-top-column elementor-element elementor-element-6bf9377\" data-id=\"6bf9377\" data-element_type=\"column\">\n\t\t\t<div class=\"elementor-widget-wrap elementor-element-populated\">\n\t\t\t\t\t\t<div class=\"elementor-element elementor-element-931f116 elementor-widget__width-initial elementor-widget elementor-widget-image\" data-id=\"931f116\" data-element_type=\"widget\" data-widget_type=\"image.default\">\n\t\t\t\t<div class=\"elementor-widget-container\">\n\t\t\t<style>\/*! elementor - v3.23.0 - 05-08-2024 *\/\n.elementor-widget-image{text-align:center}.elementor-widget-image a{display:inline-block}.elementor-widget-image a img[src$=\".svg\"]{width:48px}.elementor-widget-image img{vertical-align:middle;display:inline-block}<\/style>\t\t\t\t\t\t\t\t\t\t<img fetchpriority=\"high\" decoding=\"async\" width=\"740\" height=\"1024\" src=\"https:\/\/hochschulradio-aachen.de\/wp-content\/uploads\/2023\/06\/IMG_3918-740x1024.jpg\" class=\"attachment-large size-large wp-image-875\" alt=\"\" srcset=\"https:\/\/hochschulradio-aachen.de\/wp-content\/uploads\/2023\/06\/IMG_3918-740x1024.jpg 740w, https:\/\/hochschulradio-aachen.de\/wp-content\/uploads\/2023\/06\/IMG_3918-217x300.jpg 217w, https:\/\/hochschulradio-aachen.de\/wp-content\/uploads\/2023\/06\/IMG_3918-768x1062.jpg 768w, https:\/\/hochschulradio-aachen.de\/wp-content\/uploads\/2023\/06\/IMG_3918.jpg 1076w\" sizes=\"(max-width: 740px) 100vw, 740px\" \/>\t\t\t\t\t\t\t\t\t\t\t\t\t<\/div>\n\t\t\t\t<\/div>\n\t\t\t\t\t<\/div>\n\t\t<\/div>\n\t\t\t\t<div class=\"elementor-column elementor-col-50 elementor-top-column elementor-element elementor-element-b7bd1ee\" data-id=\"b7bd1ee\" data-element_type=\"column\">\n\t\t\t<div class=\"elementor-widget-wrap elementor-element-populated\">\n\t\t\t\t\t\t<div class=\"elementor-element elementor-element-3090eea elementor-widget elementor-widget-heading\" data-id=\"3090eea\" data-element_type=\"widget\" data-widget_type=\"heading.default\">\n\t\t\t\t<div class=\"elementor-widget-container\">\n\t\t\t<style>\/*! elementor - v3.23.0 - 05-08-2024 *\/\n.elementor-heading-title{padding:0;margin:0;line-height:1}.elementor-widget-heading .elementor-heading-title[class*=elementor-size-]>a{color:inherit;font-size:inherit;line-height:inherit}.elementor-widget-heading .elementor-heading-title.elementor-size-small{font-size:15px}.elementor-widget-heading .elementor-heading-title.elementor-size-medium{font-size:19px}.elementor-widget-heading .elementor-heading-title.elementor-size-large{font-size:29px}.elementor-widget-heading .elementor-heading-title.elementor-size-xl{font-size:39px}.elementor-widget-heading .elementor-heading-title.elementor-size-xxl{font-size:59px}<\/style><h2 class=\"elementor-heading-title elementor-size-default\">Das Hochschulradio sucht Dich !<\/h2>\t\t<\/div>\n\t\t\t\t<\/div>\n\t\t\t\t<div class=\"elementor-element elementor-element-b457ea1 elementor-widget elementor-widget-text-editor\" data-id=\"b457ea1\" data-element_type=\"widget\" data-widget_type=\"text-editor.default\">\n\t\t\t\t<div class=\"elementor-widget-container\">\n\t\t\t<style>\/*! elementor - v3.23.0 - 05-08-2024 *\/\n.elementor-widget-text-editor.elementor-drop-cap-view-stacked .elementor-drop-cap{background-color:#69727d;color:#fff}.elementor-widget-text-editor.elementor-drop-cap-view-framed .elementor-drop-cap{color:#69727d;border:3px solid;background-color:transparent}.elementor-widget-text-editor:not(.elementor-drop-cap-view-default) .elementor-drop-cap{margin-top:8px}.elementor-widget-text-editor:not(.elementor-drop-cap-view-default) .elementor-drop-cap-letter{width:1em;height:1em}.elementor-widget-text-editor .elementor-drop-cap{float:left;text-align:center;line-height:1;font-size:50px}.elementor-widget-text-editor .elementor-drop-cap-letter{display:inline-block}<\/style>\t\t\t\t<p><strong>Es gibt viele verschiedene M\u00f6glichkeiten bei uns mitzumachen<\/strong>.\u00a0<\/p>\n<p><strong>Praktikum<\/strong>:<br>Wir bieten anerkannte studentische Praktika an. Du kannst also hier dein Pflichtpraktikum (z.B. in den Geisteswissenschaften) machen und bekommst dabei spannende Einblicke in die Radioarbeit.\u00a0<\/p>\n<p><strong>Freie Mitarbeit<\/strong>:<br>Du willst kein Praktikum machen, hast aber trotzdem Bock dich beim Radio einzubringen? Kein Problem. Ob Redaktionsarbeit, Planung von Veranstaltungen, oder\u2026<\/p>\n<p><strong>Technik<\/strong>:<br>Du hast Spa\u00df an Technik, aber keine Lust hinter dem Mikro zu stehen? Dann k\u00f6nnte unsere Technikabteilung das Richtige f\u00fcr dich sein. Dort kannst du dich zum Beispiel im Bereich Licht- oder Veranstaltungstechnik einbringen und vieles lernen.<\/p>\n<p><strong>\u00d6ffentlichkeitsarbeit:<br><\/strong>Du bist Designer:in oder interessierst dich generell f\u00fcr Social Media oder \u00d6ffentlichkeitsarbeit? Dann bist du bei unserem Arbeitskreis f\u00fcr \u00d6ffentlichkeitsarbeit gut aufgehoben.<\/p>\n<p><strong>Interesse geweckt<\/strong><b>?<\/b> Dann schreib uns einfach eine Mail an:\u00a0 <b>Ausbildung@Hochschulradio-aachen.de<\/b><\/p>\t\t\t\t\t\t<\/div>\n\t\t\t\t<\/div>\n\t\t\t\t\t<\/div>\n\t\t<\/div>\n\t\t\t\t\t<\/div>\n\t\t<\/section>\n\t\t\t\t<\/div>\n\t\t","protected":false},"excerpt":{"rendered":"<p>Das Hochschulradio sucht Dich ! Es gibt viele verschiedene M\u00f6glichkeiten bei uns mitzumachen.\u00a0 Praktikum:Wir bieten anerkannte studentische Praktika an. Du kannst also hier dein Pflichtpraktikum (z.B. in den Geisteswissenschaften) machen und bekommst dabei spannende Einblicke in die Radioarbeit.\u00a0 Freie Mitarbeit:Du willst kein Praktikum machen, hast aber trotzdem Bock dich beim Radio einzubringen? Kein Problem. Ob [&hellip;]<\/p>\n","protected":false},"author":1,"featured_media":0,"parent":0,"menu_order":0,"comment_status":"closed","ping_status":"closed","template":"","meta":[],"aioseo_notices":[],"_links":{"self":[{"href":"https:\/\/hochschulradio-aachen.de\/en\/wp-json\/wp\/v2\/pages\/1039"}],"collection":[{"href":"https:\/\/hochschulradio-aachen.de\/en\/wp-json\/wp\/v2\/pages"}],"about":[{"href":"https:\/\/hochschulradio-aachen.de\/en\/wp-json\/wp\/v2\/types\/page"}],"author":[{"embeddable":true,"href":"https:\/\/hochschulradio-aachen.de\/en\/wp-json\/wp\/v2\/users\/1"}],"replies":[{"embeddable":true,"href":"https:\/\/hochschulradio-aachen.de\/en\/wp-json\/wp\/v2\/comments?post=1039"}],"version-history":[{"count":83,"href":"https:\/\/hochschulradio-aachen.de\/en\/wp-json\/wp\/v2\/pages\/1039\/revisions"}],"predecessor-version":[{"id":2518,"href":"https:\/\/hochschulradio-aachen.de\/en\/wp-json\/wp\/v2\/pages\/1039\/revisions\/2518"}],"wp:attachment":[{"href":"https:\/\/hochschulradio-aachen.de\/en\/wp-json\/wp\/v2\/media?parent=1039"}],"curies":[{"name":"wp","href":"https:\/\/api.w.org\/{rel}","templated":true}]}}