{"id":2418,"date":"2025-06-18T13:27:58","date_gmt":"2025-06-18T13:27:58","guid":{"rendered":"https:\/\/hochschulradio-aachen.de\/?page_id=2418"},"modified":"2025-06-18T13:30:03","modified_gmt":"2025-06-18T13:30:03","slug":"rwth-bleibt-vorreiter-in-familienfreundlichkeit","status":"publish","type":"page","link":"https:\/\/hochschulradio-aachen.de\/en\/rwth-bleibt-vorreiter-in-familienfreundlichkeit","title":{"rendered":"RWTH bleibt Vorreiter in Familienfreundlichkeit"},"content":{"rendered":"\t\t<div data-elementor-type=\"wp-page\" data-elementor-id=\"2418\" class=\"elementor elementor-2418\">\n\t\t\t\t\t\t<section class=\"elementor-section elementor-top-section elementor-element elementor-element-99369b4 elementor-section-boxed elementor-section-height-default elementor-section-height-default\" data-id=\"99369b4\" data-element_type=\"section\">\n\t\t\t\t\t\t<div class=\"elementor-container elementor-column-gap-default\">\n\t\t\t\t\t<div class=\"elementor-column elementor-col-33 elementor-top-column elementor-element elementor-element-72e92a9\" data-id=\"72e92a9\" data-element_type=\"column\">\n\t\t\t<div class=\"elementor-widget-wrap elementor-element-populated\">\n\t\t\t\t\t\t<div class=\"elementor-element elementor-element-2af9046 elementor-widget elementor-widget-image\" data-id=\"2af9046\" data-element_type=\"widget\" data-widget_type=\"image.default\">\n\t\t\t\t<div class=\"elementor-widget-container\">\n\t\t\t<style>\/*! elementor - v3.23.0 - 05-08-2024 *\/\n.elementor-widget-image{text-align:center}.elementor-widget-image a{display:inline-block}.elementor-widget-image a img[src$=\".svg\"]{width:48px}.elementor-widget-image img{vertical-align:middle;display:inline-block}<\/style>\t\t\t\t\t\t\t\t\t\t<img fetchpriority=\"high\" decoding=\"async\" width=\"768\" height=\"1024\" src=\"https:\/\/hochschulradio-aachen.de\/wp-content\/uploads\/2025\/06\/pexels-hannah-nelson-390257-1456951-768x1024.jpg\" class=\"attachment-medium_large size-medium_large wp-image-2421\" alt=\"\" srcset=\"https:\/\/hochschulradio-aachen.de\/wp-content\/uploads\/2025\/06\/pexels-hannah-nelson-390257-1456951-768x1024.jpg 768w, https:\/\/hochschulradio-aachen.de\/wp-content\/uploads\/2025\/06\/pexels-hannah-nelson-390257-1456951-225x300.jpg 225w, https:\/\/hochschulradio-aachen.de\/wp-content\/uploads\/2025\/06\/pexels-hannah-nelson-390257-1456951-1152x1536.jpg 1152w, https:\/\/hochschulradio-aachen.de\/wp-content\/uploads\/2025\/06\/pexels-hannah-nelson-390257-1456951-1536x2048.jpg 1536w, https:\/\/hochschulradio-aachen.de\/wp-content\/uploads\/2025\/06\/pexels-hannah-nelson-390257-1456951-scaled.jpg 1920w\" sizes=\"(max-width: 768px) 100vw, 768px\" \/>\t\t\t\t\t\t\t\t\t\t\t\t\t<\/div>\n\t\t\t\t<\/div>\n\t\t\t\t\t<\/div>\n\t\t<\/div>\n\t\t\t\t<div class=\"elementor-column elementor-col-66 elementor-top-column elementor-element elementor-element-fdbd441\" data-id=\"fdbd441\" data-element_type=\"column\">\n\t\t\t<div class=\"elementor-widget-wrap elementor-element-populated\">\n\t\t\t\t\t\t<div class=\"elementor-element elementor-element-f6cbd22 elementor-widget elementor-widget-text-editor\" data-id=\"f6cbd22\" data-element_type=\"widget\" data-widget_type=\"text-editor.default\">\n\t\t\t\t<div class=\"elementor-widget-container\">\n\t\t\t<style>\/*! elementor - v3.23.0 - 05-08-2024 *\/\n.elementor-widget-text-editor.elementor-drop-cap-view-stacked .elementor-drop-cap{background-color:#69727d;color:#fff}.elementor-widget-text-editor.elementor-drop-cap-view-framed .elementor-drop-cap{color:#69727d;border:3px solid;background-color:transparent}.elementor-widget-text-editor:not(.elementor-drop-cap-view-default) .elementor-drop-cap{margin-top:8px}.elementor-widget-text-editor:not(.elementor-drop-cap-view-default) .elementor-drop-cap-letter{width:1em;height:1em}.elementor-widget-text-editor .elementor-drop-cap{float:left;text-align:center;line-height:1;font-size:50px}.elementor-widget-text-editor .elementor-drop-cap-letter{display:inline-block}<\/style>\t\t\t\t<div id=\"message-list_1750251953.045399\" class=\"c-virtual_list__item\" tabindex=\"0\" role=\"listitem\" aria-setsize=\"-1\" data-qa=\"virtual-list-item\" data-item-key=\"1750251953.045399\"><div class=\"c-message_kit__background c-message_kit__background--hovered p-message_pane_message__message c-message_kit__message\" role=\"presentation\" data-qa=\"message_container\" data-qa-unprocessed=\"false\" data-qa-placeholder=\"false\"><div class=\"c-message_kit__hover c-message_kit__hover--hovered\" role=\"document\" aria-roledescription=\"Nachricht\" data-qa-hover=\"true\"><div class=\"c-message_kit__actions c-message_kit__actions--default\"><div class=\"c-message_kit__gutter\"><div class=\"c-message_kit__gutter__right\" role=\"presentation\" data-qa=\"message_content\"><div class=\"c-message_kit__blocks c-message_kit__blocks--rich_text\"><div class=\"c-message__message_blocks c-message__message_blocks--rich_text\" data-qa=\"message-text\"><div class=\"p-block_kit_renderer\" data-qa=\"block-kit-renderer\"><div class=\"p-block_kit_renderer__block_wrapper p-block_kit_renderer__block_wrapper--first\"><div class=\"p-rich_text_block\" dir=\"auto\"><h3><strong>RWTH bleibt Vorreiter in Familienfreundlichkeit<\/strong><\/h3><div class=\"p-rich_text_section\">Die RWTH darf sich weiterhin \u201efamiliengerechte\u201c Hochschule nennen. Die Universit\u00e4t hat das entsprechende Zertifikat erneut von der berufundfamilie Service GmbH erhalten, berichtet Antenne AC. Schon seit 2009 wird der RWTH damit regelm\u00e4\u00dfig bescheinigt, dass sie Studium, Beruf und Familienleben gut miteinander vereinbar macht. Dieses Jahr hat die RWTH ihre bestehenden Angebote auf den Pr\u00fcfstand gestellt und in mehreren Workshops neue Ma\u00dfnahmen entwickelt. Ein thematischer Punkt war die bessere Unterst\u00fctzung von Besch\u00e4ftigten und Studierenden mit Pflegeverantwortung. Das Ziel besteht darin, familienfreundliche Strukturen dauerhaft im Hochschulalltag zu etablieren.<\/div><\/div><\/div><\/div><\/div><\/div><\/div><\/div><div class=\"c-message_actions__container c-message__actions\" role=\"group\"><div class=\"c-message_actions__group\" role=\"group\" aria-label=\"Nachrichtenaktionen\" data-qa=\"message-actions\">\u00a0<\/div><\/div><\/div><\/div><\/div><\/div><div id=\"message-list_bottomSpacer\" class=\"c-virtual_list__item\" tabindex=\"-1\" role=\"presentation\" aria-setsize=\"-1\" data-qa=\"virtual-list-item\" data-item-key=\"bottomSpacer\">\u00a0<\/div>\t\t\t\t\t\t<\/div>\n\t\t\t\t<\/div>\n\t\t\t\t\t<\/div>\n\t\t<\/div>\n\t\t\t\t\t<\/div>\n\t\t<\/section>\n\t\t\t\t<section class=\"elementor-section elementor-top-section elementor-element elementor-element-12d7b87 elementor-section-boxed elementor-section-height-default elementor-section-height-default\" data-id=\"12d7b87\" data-element_type=\"section\">\n\t\t\t\t\t\t<div class=\"elementor-container elementor-column-gap-default\">\n\t\t\t\t\t<div class=\"elementor-column elementor-col-100 elementor-top-column elementor-element elementor-element-e500085\" data-id=\"e500085\" data-element_type=\"column\">\n\t\t\t<div class=\"elementor-widget-wrap elementor-element-populated\">\n\t\t\t\t\t\t<div class=\"elementor-element elementor-element-2335c57 elementor-widget-divider--view-line elementor-widget elementor-widget-divider\" data-id=\"2335c57\" data-element_type=\"widget\" data-widget_type=\"divider.default\">\n\t\t\t\t<div class=\"elementor-widget-container\">\n\t\t\t<style>\/*! elementor - v3.23.0 - 05-08-2024 *\/\n.elementor-widget-divider{--divider-border-style:none;--divider-border-width:1px;--divider-color:#0c0d0e;--divider-icon-size:20px;--divider-element-spacing:10px;--divider-pattern-height:24px;--divider-pattern-size:20px;--divider-pattern-url:none;--divider-pattern-repeat:repeat-x}.elementor-widget-divider .elementor-divider{display:flex}.elementor-widget-divider .elementor-divider__text{font-size:15px;line-height:1;max-width:95%}.elementor-widget-divider .elementor-divider__element{margin:0 var(--divider-element-spacing);flex-shrink:0}.elementor-widget-divider .elementor-icon{font-size:var(--divider-icon-size)}.elementor-widget-divider .elementor-divider-separator{display:flex;margin:0;direction:ltr}.elementor-widget-divider--view-line_icon .elementor-divider-separator,.elementor-widget-divider--view-line_text .elementor-divider-separator{align-items:center}.elementor-widget-divider--view-line_icon .elementor-divider-separator:after,.elementor-widget-divider--view-line_icon .elementor-divider-separator:before,.elementor-widget-divider--view-line_text .elementor-divider-separator:after,.elementor-widget-divider--view-line_text .elementor-divider-separator:before{display:block;content:\"\";border-block-end:0;flex-grow:1;border-block-start:var(--divider-border-width) var(--divider-border-style) var(--divider-color)}.elementor-widget-divider--element-align-left .elementor-divider .elementor-divider-separator>.elementor-divider__svg:first-of-type{flex-grow:0;flex-shrink:100}.elementor-widget-divider--element-align-left .elementor-divider-separator:before{content:none}.elementor-widget-divider--element-align-left .elementor-divider__element{margin-left:0}.elementor-widget-divider--element-align-right .elementor-divider .elementor-divider-separator>.elementor-divider__svg:last-of-type{flex-grow:0;flex-shrink:100}.elementor-widget-divider--element-align-right .elementor-divider-separator:after{content:none}.elementor-widget-divider--element-align-right .elementor-divider__element{margin-right:0}.elementor-widget-divider--element-align-start .elementor-divider .elementor-divider-separator>.elementor-divider__svg:first-of-type{flex-grow:0;flex-shrink:100}.elementor-widget-divider--element-align-start .elementor-divider-separator:before{content:none}.elementor-widget-divider--element-align-start .elementor-divider__element{margin-inline-start:0}.elementor-widget-divider--element-align-end .elementor-divider .elementor-divider-separator>.elementor-divider__svg:last-of-type{flex-grow:0;flex-shrink:100}.elementor-widget-divider--element-align-end .elementor-divider-separator:after{content:none}.elementor-widget-divider--element-align-end .elementor-divider__element{margin-inline-end:0}.elementor-widget-divider:not(.elementor-widget-divider--view-line_text):not(.elementor-widget-divider--view-line_icon) .elementor-divider-separator{border-block-start:var(--divider-border-width) var(--divider-border-style) var(--divider-color)}.elementor-widget-divider--separator-type-pattern{--divider-border-style:none}.elementor-widget-divider--separator-type-pattern.elementor-widget-divider--view-line .elementor-divider-separator,.elementor-widget-divider--separator-type-pattern:not(.elementor-widget-divider--view-line) .elementor-divider-separator:after,.elementor-widget-divider--separator-type-pattern:not(.elementor-widget-divider--view-line) .elementor-divider-separator:before,.elementor-widget-divider--separator-type-pattern:not([class*=elementor-widget-divider--view]) .elementor-divider-separator{width:100%;min-height:var(--divider-pattern-height);-webkit-mask-size:var(--divider-pattern-size) 100%;mask-size:var(--divider-pattern-size) 100%;-webkit-mask-repeat:var(--divider-pattern-repeat);mask-repeat:var(--divider-pattern-repeat);background-color:var(--divider-color);-webkit-mask-image:var(--divider-pattern-url);mask-image:var(--divider-pattern-url)}.elementor-widget-divider--no-spacing{--divider-pattern-size:auto}.elementor-widget-divider--bg-round{--divider-pattern-repeat:round}.rtl .elementor-widget-divider .elementor-divider__text{direction:rtl}.e-con-inner>.elementor-widget-divider,.e-con>.elementor-widget-divider{width:var(--container-widget-width,100%);--flex-grow:var(--container-widget-flex-grow)}<\/style>\t\t<div class=\"elementor-divider\">\n\t\t\t<span class=\"elementor-divider-separator\">\n\t\t\t\t\t\t<\/span>\n\t\t<\/div>\n\t\t\t\t<\/div>\n\t\t\t\t<\/div>\n\t\t\t\t\t<\/div>\n\t\t<\/div>\n\t\t\t\t\t<\/div>\n\t\t<\/section>\n\t\t\t\t<\/div>\n\t\t","protected":false},"excerpt":{"rendered":"<p>RWTH bleibt Vorreiter in Familienfreundlichkeit Die RWTH darf sich weiterhin \u201efamiliengerechte\u201c Hochschule nennen. Die Universit\u00e4t hat das entsprechende Zertifikat erneut von der berufundfamilie Service GmbH erhalten, berichtet Antenne AC. Schon seit 2009 wird der RWTH damit regelm\u00e4\u00dfig bescheinigt, dass sie Studium, Beruf und Familienleben gut miteinander vereinbar macht. Dieses Jahr hat die RWTH ihre bestehenden [&hellip;]<\/p>\n","protected":false},"author":2,"featured_media":0,"parent":0,"menu_order":0,"comment_status":"closed","ping_status":"closed","template":"","meta":[],"aioseo_notices":[],"_links":{"self":[{"href":"https:\/\/hochschulradio-aachen.de\/en\/wp-json\/wp\/v2\/pages\/2418"}],"collection":[{"href":"https:\/\/hochschulradio-aachen.de\/en\/wp-json\/wp\/v2\/pages"}],"about":[{"href":"https:\/\/hochschulradio-aachen.de\/en\/wp-json\/wp\/v2\/types\/page"}],"author":[{"embeddable":true,"href":"https:\/\/hochschulradio-aachen.de\/en\/wp-json\/wp\/v2\/users\/2"}],"replies":[{"embeddable":true,"href":"https:\/\/hochschulradio-aachen.de\/en\/wp-json\/wp\/v2\/comments?post=2418"}],"version-history":[{"count":10,"href":"https:\/\/hochschulradio-aachen.de\/en\/wp-json\/wp\/v2\/pages\/2418\/revisions"}],"predecessor-version":[{"id":2440,"href":"https:\/\/hochschulradio-aachen.de\/en\/wp-json\/wp\/v2\/pages\/2418\/revisions\/2440"}],"wp:attachment":[{"href":"https:\/\/hochschulradio-aachen.de\/en\/wp-json\/wp\/v2\/media?parent=2418"}],"curies":[{"name":"wp","href":"https:\/\/api.w.org\/{rel}","templated":true}]}}