{"id":2438,"date":"2025-06-18T14:06:53","date_gmt":"2025-06-18T14:06:53","guid":{"rendered":"https:\/\/hochschulradio-aachen.de\/?page_id=2438"},"modified":"2025-06-18T14:10:08","modified_gmt":"2025-06-18T14:10:08","slug":"aachens-radverkehr-viel-streit-wenig-tempo","status":"publish","type":"page","link":"https:\/\/hochschulradio-aachen.de\/en\/aachens-radverkehr-viel-streit-wenig-tempo","title":{"rendered":"Aachens Radverkehr: Viel Streit, wenig Tempo"},"content":{"rendered":"\t\t<div data-elementor-type=\"wp-page\" data-elementor-id=\"2438\" class=\"elementor elementor-2438\">\n\t\t\t\t\t\t<section class=\"elementor-section elementor-top-section elementor-element elementor-element-dc67178 elementor-section-boxed elementor-section-height-default elementor-section-height-default\" data-id=\"dc67178\" data-element_type=\"section\">\n\t\t\t\t\t\t<div class=\"elementor-container elementor-column-gap-default\">\n\t\t\t\t\t<div class=\"elementor-column elementor-col-33 elementor-top-column elementor-element elementor-element-c59a3d8\" data-id=\"c59a3d8\" data-element_type=\"column\">\n\t\t\t<div class=\"elementor-widget-wrap elementor-element-populated\">\n\t\t\t\t\t\t<div class=\"elementor-element elementor-element-b521edf elementor-widget__width-initial elementor-widget elementor-widget-image\" data-id=\"b521edf\" data-element_type=\"widget\" data-widget_type=\"image.default\">\n\t\t\t\t<div class=\"elementor-widget-container\">\n\t\t\t<style>\/*! elementor - v3.23.0 - 05-08-2024 *\/\n.elementor-widget-image{text-align:center}.elementor-widget-image a{display:inline-block}.elementor-widget-image a img[src$=\".svg\"]{width:48px}.elementor-widget-image img{vertical-align:middle;display:inline-block}<\/style>\t\t\t\t\t\t\t\t\t\t<img fetchpriority=\"high\" decoding=\"async\" width=\"768\" height=\"1152\" src=\"https:\/\/hochschulradio-aachen.de\/wp-content\/uploads\/2025\/06\/pexels-cottonbro-5446316-768x1152.jpg\" class=\"attachment-medium_large size-medium_large wp-image-2439\" alt=\"\" srcset=\"https:\/\/hochschulradio-aachen.de\/wp-content\/uploads\/2025\/06\/pexels-cottonbro-5446316-768x1152.jpg 768w, https:\/\/hochschulradio-aachen.de\/wp-content\/uploads\/2025\/06\/pexels-cottonbro-5446316-200x300.jpg 200w, https:\/\/hochschulradio-aachen.de\/wp-content\/uploads\/2025\/06\/pexels-cottonbro-5446316-683x1024.jpg 683w, https:\/\/hochschulradio-aachen.de\/wp-content\/uploads\/2025\/06\/pexels-cottonbro-5446316-1024x1536.jpg 1024w, https:\/\/hochschulradio-aachen.de\/wp-content\/uploads\/2025\/06\/pexels-cottonbro-5446316-1365x2048.jpg 1365w, https:\/\/hochschulradio-aachen.de\/wp-content\/uploads\/2025\/06\/pexels-cottonbro-5446316-scaled.jpg 1707w\" sizes=\"(max-width: 768px) 100vw, 768px\" \/>\t\t\t\t\t\t\t\t\t\t\t\t\t<\/div>\n\t\t\t\t<\/div>\n\t\t\t\t\t<\/div>\n\t\t<\/div>\n\t\t\t\t<div class=\"elementor-column elementor-col-66 elementor-top-column elementor-element elementor-element-9f796b3\" data-id=\"9f796b3\" data-element_type=\"column\">\n\t\t\t<div class=\"elementor-widget-wrap elementor-element-populated\">\n\t\t\t\t\t\t<div class=\"elementor-element elementor-element-05a2eec elementor-widget__width-initial elementor-widget elementor-widget-text-editor\" data-id=\"05a2eec\" data-element_type=\"widget\" data-widget_type=\"text-editor.default\">\n\t\t\t\t<div class=\"elementor-widget-container\">\n\t\t\t<style>\/*! elementor - v3.23.0 - 05-08-2024 *\/\n.elementor-widget-text-editor.elementor-drop-cap-view-stacked .elementor-drop-cap{background-color:#69727d;color:#fff}.elementor-widget-text-editor.elementor-drop-cap-view-framed .elementor-drop-cap{color:#69727d;border:3px solid;background-color:transparent}.elementor-widget-text-editor:not(.elementor-drop-cap-view-default) .elementor-drop-cap{margin-top:8px}.elementor-widget-text-editor:not(.elementor-drop-cap-view-default) .elementor-drop-cap-letter{width:1em;height:1em}.elementor-widget-text-editor .elementor-drop-cap{float:left;text-align:center;line-height:1;font-size:50px}.elementor-widget-text-editor .elementor-drop-cap-letter{display:inline-block}<\/style>\t\t\t\t<p><b data-stringify-type=\"bold\">Aachens Radverkehr: Viel Streit, wenig Tempo<\/b><br \/>In Aachen wird kr\u00e4ftig in das Radnetz investiert. Es handelt sich hierbei um einen Betrag von insgesamt 6 Millionen Euro seit 2019. Urspr\u00fcnglich waren 60 Kilometer Radvorrangroute geplant. Allerdings wurden bisher nur 9 Kilometer wirklich gebaut, berichtet der WDR. Der Allgemeine Deutsche Fahrrad-Club (ADFC) sprach zwar Lob f\u00fcr das Vorhaben aus, kritisierte jedoch unteranderem den schlechten Zustand der Radwege und \u00e4u\u00dferte Bedenken bez\u00fcglich der Sicherheit. Trotz der Kritik erreichte die Stadt Aachen bei dem entsprechenden \u201eADFC-Fahrradklima-Test 2024\u201c den siebten Platz. Gegenwind kommt von dem Verein \u201eMobile Vernunft\u201c, der Unterschriften gegen die Aachener Verkehrspolitik sammelt. Darauf reagierte die Stadt mit einigen Ausnahmeregeln, lehnte aber das grundliegende B\u00fcrgerbegehren des Vereins zun\u00e4chst ab. Ein zentraler Streitpunkt ist die Fahrradstra\u00dfe am L\u00f6hergraben. Diese wird trotz striktem Verbot weiterhin von vielen Autos befahren. Dies f\u00fchrte dazu, dass die Stadt neue Schilder aufstellen musste.<\/p>\t\t\t\t\t\t<\/div>\n\t\t\t\t<\/div>\n\t\t\t\t\t<\/div>\n\t\t<\/div>\n\t\t\t\t\t<\/div>\n\t\t<\/section>\n\t\t\t\t<\/div>\n\t\t","protected":false},"excerpt":{"rendered":"<p>Aachens Radverkehr: Viel Streit, wenig TempoIn Aachen wird kr\u00e4ftig in das Radnetz investiert. Es handelt sich hierbei um einen Betrag von insgesamt 6 Millionen Euro seit 2019. Urspr\u00fcnglich waren 60 Kilometer Radvorrangroute geplant. Allerdings wurden bisher nur 9 Kilometer wirklich gebaut, berichtet der WDR. Der Allgemeine Deutsche Fahrrad-Club (ADFC) sprach zwar Lob f\u00fcr das Vorhaben [&hellip;]<\/p>\n","protected":false},"author":2,"featured_media":0,"parent":0,"menu_order":0,"comment_status":"closed","ping_status":"closed","template":"","meta":[],"aioseo_notices":[],"_links":{"self":[{"href":"https:\/\/hochschulradio-aachen.de\/en\/wp-json\/wp\/v2\/pages\/2438"}],"collection":[{"href":"https:\/\/hochschulradio-aachen.de\/en\/wp-json\/wp\/v2\/pages"}],"about":[{"href":"https:\/\/hochschulradio-aachen.de\/en\/wp-json\/wp\/v2\/types\/page"}],"author":[{"embeddable":true,"href":"https:\/\/hochschulradio-aachen.de\/en\/wp-json\/wp\/v2\/users\/2"}],"replies":[{"embeddable":true,"href":"https:\/\/hochschulradio-aachen.de\/en\/wp-json\/wp\/v2\/comments?post=2438"}],"version-history":[{"count":4,"href":"https:\/\/hochschulradio-aachen.de\/en\/wp-json\/wp\/v2\/pages\/2438\/revisions"}],"predecessor-version":[{"id":2455,"href":"https:\/\/hochschulradio-aachen.de\/en\/wp-json\/wp\/v2\/pages\/2438\/revisions\/2455"}],"wp:attachment":[{"href":"https:\/\/hochschulradio-aachen.de\/en\/wp-json\/wp\/v2\/media?parent=2438"}],"curies":[{"name":"wp","href":"https:\/\/api.w.org\/{rel}","templated":true}]}}