{"id":2451,"date":"2025-06-18T14:29:10","date_gmt":"2025-06-18T14:29:10","guid":{"rendered":"https:\/\/hochschulradio-aachen.de\/?page_id=2451"},"modified":"2025-06-18T14:34:43","modified_gmt":"2025-06-18T14:34:43","slug":"abgang-von-heiner-backhaus-aus-aachen-fix","status":"publish","type":"page","link":"https:\/\/hochschulradio-aachen.de\/en\/abgang-von-heiner-backhaus-aus-aachen-fix","title":{"rendered":"Abgang von Heiner Backhaus aus Aachen fix."},"content":{"rendered":"\t\t<div data-elementor-type=\"wp-page\" data-elementor-id=\"2451\" class=\"elementor elementor-2451\">\n\t\t\t\t\t\t<section class=\"elementor-section elementor-top-section elementor-element elementor-element-9b51298 elementor-section-boxed elementor-section-height-default elementor-section-height-default\" data-id=\"9b51298\" data-element_type=\"section\">\n\t\t\t\t\t\t<div class=\"elementor-container elementor-column-gap-default\">\n\t\t\t\t\t<div class=\"elementor-column elementor-col-33 elementor-top-column elementor-element elementor-element-f6d6944\" data-id=\"f6d6944\" data-element_type=\"column\">\n\t\t\t<div class=\"elementor-widget-wrap elementor-element-populated\">\n\t\t\t\t\t\t<div class=\"elementor-element elementor-element-b2aa783 elementor-widget elementor-widget-image\" data-id=\"b2aa783\" data-element_type=\"widget\" data-widget_type=\"image.default\">\n\t\t\t\t<div class=\"elementor-widget-container\">\n\t\t\t<style>\/*! elementor - v3.23.0 - 05-08-2024 *\/\n.elementor-widget-image{text-align:center}.elementor-widget-image a{display:inline-block}.elementor-widget-image a img[src$=\".svg\"]{width:48px}.elementor-widget-image img{vertical-align:middle;display:inline-block}<\/style>\t\t\t\t\t\t\t\t\t\t<img fetchpriority=\"high\" decoding=\"async\" width=\"715\" height=\"1258\" src=\"https:\/\/hochschulradio-aachen.de\/wp-content\/uploads\/2025\/06\/Tivoli.jpg\" class=\"attachment-medium_large size-medium_large wp-image-2456\" alt=\"\" srcset=\"https:\/\/hochschulradio-aachen.de\/wp-content\/uploads\/2025\/06\/Tivoli.jpg 715w, https:\/\/hochschulradio-aachen.de\/wp-content\/uploads\/2025\/06\/Tivoli-171x300.jpg 171w, https:\/\/hochschulradio-aachen.de\/wp-content\/uploads\/2025\/06\/Tivoli-582x1024.jpg 582w\" sizes=\"(max-width: 715px) 100vw, 715px\" \/>\t\t\t\t\t\t\t\t\t\t\t\t\t<\/div>\n\t\t\t\t<\/div>\n\t\t\t\t\t<\/div>\n\t\t<\/div>\n\t\t\t\t<div class=\"elementor-column elementor-col-66 elementor-top-column elementor-element elementor-element-4421e77\" data-id=\"4421e77\" data-element_type=\"column\">\n\t\t\t<div class=\"elementor-widget-wrap elementor-element-populated\">\n\t\t\t\t\t\t<div class=\"elementor-element elementor-element-4c2e4d7 elementor-widget elementor-widget-text-editor\" data-id=\"4c2e4d7\" data-element_type=\"widget\" data-widget_type=\"text-editor.default\">\n\t\t\t\t<div class=\"elementor-widget-container\">\n\t\t\t<style>\/*! elementor - v3.23.0 - 05-08-2024 *\/\n.elementor-widget-text-editor.elementor-drop-cap-view-stacked .elementor-drop-cap{background-color:#69727d;color:#fff}.elementor-widget-text-editor.elementor-drop-cap-view-framed .elementor-drop-cap{color:#69727d;border:3px solid;background-color:transparent}.elementor-widget-text-editor:not(.elementor-drop-cap-view-default) .elementor-drop-cap{margin-top:8px}.elementor-widget-text-editor:not(.elementor-drop-cap-view-default) .elementor-drop-cap-letter{width:1em;height:1em}.elementor-widget-text-editor .elementor-drop-cap{float:left;text-align:center;line-height:1;font-size:50px}.elementor-widget-text-editor .elementor-drop-cap-letter{display:inline-block}<\/style>\t\t\t\t<h3>\u00a0<\/h3><h3><b data-stringify-type=\"bold\">Abgang von Heiner Backhaus aus Aachen fix.<\/b><\/h3><p>Es hatte sich angedeutet, jetzt ist es offiziell. Heiner Backhaus verl\u00e4sst Alemannia Aachen und wechselt zum Zweitligisten Eintracht Braunschweig. Das berichtet die Aachener Zeitung. Die Abl\u00f6se betr\u00e4gt zun\u00e4chst 100.000 Euro, kann sich durch erfolgsabh\u00e4ngige Boni aber noch weiter erh\u00f6hen. Backhaus nimmt seinen bisherigen Co-Trainer mit, die Suche nach Nachfolger:innen l\u00e4uft. Der Abschied wird mit Unklarheit \u00fcber die Zukunft im Club begr\u00fcndet. In den letzten Wochen hatte sich ein Abschied angebahnt, auch weil es nach der Trennung vom bisherigen Sportdirektor Eller Unklahrheiten \u00fcber dessen Nachfolge gab. Die Entscheidung wird von den Fans gemischt aufgenommen.<\/p>\t\t\t\t\t\t<\/div>\n\t\t\t\t<\/div>\n\t\t\t\t\t<\/div>\n\t\t<\/div>\n\t\t\t\t\t<\/div>\n\t\t<\/section>\n\t\t\t\t<\/div>\n\t\t","protected":false},"excerpt":{"rendered":"<p>\u00a0 Abgang von Heiner Backhaus aus Aachen fix. Es hatte sich angedeutet, jetzt ist es offiziell. Heiner Backhaus verl\u00e4sst Alemannia Aachen und wechselt zum Zweitligisten Eintracht Braunschweig. Das berichtet die Aachener Zeitung. Die Abl\u00f6se betr\u00e4gt zun\u00e4chst 100.000 Euro, kann sich durch erfolgsabh\u00e4ngige Boni aber noch weiter erh\u00f6hen. Backhaus nimmt seinen bisherigen Co-Trainer mit, die Suche [&hellip;]<\/p>\n","protected":false},"author":2,"featured_media":0,"parent":0,"menu_order":0,"comment_status":"closed","ping_status":"closed","template":"","meta":[],"aioseo_notices":[],"_links":{"self":[{"href":"https:\/\/hochschulradio-aachen.de\/en\/wp-json\/wp\/v2\/pages\/2451"}],"collection":[{"href":"https:\/\/hochschulradio-aachen.de\/en\/wp-json\/wp\/v2\/pages"}],"about":[{"href":"https:\/\/hochschulradio-aachen.de\/en\/wp-json\/wp\/v2\/types\/page"}],"author":[{"embeddable":true,"href":"https:\/\/hochschulradio-aachen.de\/en\/wp-json\/wp\/v2\/users\/2"}],"replies":[{"embeddable":true,"href":"https:\/\/hochschulradio-aachen.de\/en\/wp-json\/wp\/v2\/comments?post=2451"}],"version-history":[{"count":3,"href":"https:\/\/hochschulradio-aachen.de\/en\/wp-json\/wp\/v2\/pages\/2451\/revisions"}],"predecessor-version":[{"id":2459,"href":"https:\/\/hochschulradio-aachen.de\/en\/wp-json\/wp\/v2\/pages\/2451\/revisions\/2459"}],"wp:attachment":[{"href":"https:\/\/hochschulradio-aachen.de\/en\/wp-json\/wp\/v2\/media?parent=2451"}],"curies":[{"name":"wp","href":"https:\/\/api.w.org\/{rel}","templated":true}]}}