{"id":2528,"date":"2025-06-29T13:13:59","date_gmt":"2025-06-29T13:13:59","guid":{"rendered":"https:\/\/hochschulradio-aachen.de\/?page_id=2528"},"modified":"2025-06-29T13:20:36","modified_gmt":"2025-06-29T13:20:36","slug":"neuer-grundschullehramts-studiengang-startet-im-herbst","status":"publish","type":"page","link":"https:\/\/hochschulradio-aachen.de\/en\/neuer-grundschullehramts-studiengang-startet-im-herbst","title":{"rendered":"Neuer Grundschullehramts-Studiengang startet im Herbst"},"content":{"rendered":"\t\t<div data-elementor-type=\"wp-page\" data-elementor-id=\"2528\" class=\"elementor elementor-2528\">\n\t\t\t\t\t\t<section class=\"elementor-section elementor-top-section elementor-element elementor-element-ce5d671 elementor-section-boxed elementor-section-height-default elementor-section-height-default\" data-id=\"ce5d671\" data-element_type=\"section\">\n\t\t\t\t\t\t<div class=\"elementor-container elementor-column-gap-default\">\n\t\t\t\t\t<div class=\"elementor-column elementor-col-33 elementor-top-column elementor-element elementor-element-ca11afe\" data-id=\"ca11afe\" data-element_type=\"column\">\n\t\t\t<div class=\"elementor-widget-wrap elementor-element-populated\">\n\t\t\t\t\t\t<div class=\"elementor-element elementor-element-ad7486b elementor-widget elementor-widget-image\" data-id=\"ad7486b\" data-element_type=\"widget\" data-widget_type=\"image.default\">\n\t\t\t\t<div class=\"elementor-widget-container\">\n\t\t\t<style>\/*! elementor - v3.23.0 - 05-08-2024 *\/\n.elementor-widget-image{text-align:center}.elementor-widget-image a{display:inline-block}.elementor-widget-image a img[src$=\".svg\"]{width:48px}.elementor-widget-image img{vertical-align:middle;display:inline-block}<\/style>\t\t\t\t\t\t\t\t\t\t<img fetchpriority=\"high\" decoding=\"async\" width=\"683\" height=\"1024\" src=\"https:\/\/hochschulradio-aachen.de\/wp-content\/uploads\/2025\/06\/pexels-didsss-2675061-683x1024.jpg\" class=\"attachment-large size-large wp-image-2529\" alt=\"\" srcset=\"https:\/\/hochschulradio-aachen.de\/wp-content\/uploads\/2025\/06\/pexels-didsss-2675061-683x1024.jpg 683w, https:\/\/hochschulradio-aachen.de\/wp-content\/uploads\/2025\/06\/pexels-didsss-2675061-200x300.jpg 200w, https:\/\/hochschulradio-aachen.de\/wp-content\/uploads\/2025\/06\/pexels-didsss-2675061-768x1152.jpg 768w, https:\/\/hochschulradio-aachen.de\/wp-content\/uploads\/2025\/06\/pexels-didsss-2675061-1024x1536.jpg 1024w, https:\/\/hochschulradio-aachen.de\/wp-content\/uploads\/2025\/06\/pexels-didsss-2675061-1365x2048.jpg 1365w, https:\/\/hochschulradio-aachen.de\/wp-content\/uploads\/2025\/06\/pexels-didsss-2675061-scaled.jpg 1707w\" sizes=\"(max-width: 683px) 100vw, 683px\" \/>\t\t\t\t\t\t\t\t\t\t\t\t\t<\/div>\n\t\t\t\t<\/div>\n\t\t\t\t\t<\/div>\n\t\t<\/div>\n\t\t\t\t<div class=\"elementor-column elementor-col-66 elementor-top-column elementor-element elementor-element-9b58445\" data-id=\"9b58445\" data-element_type=\"column\">\n\t\t\t<div class=\"elementor-widget-wrap elementor-element-populated\">\n\t\t\t\t\t\t<div class=\"elementor-element elementor-element-803427d elementor-widget elementor-widget-text-editor\" data-id=\"803427d\" data-element_type=\"widget\" data-widget_type=\"text-editor.default\">\n\t\t\t\t<div class=\"elementor-widget-container\">\n\t\t\t<style>\/*! elementor - v3.23.0 - 05-08-2024 *\/\n.elementor-widget-text-editor.elementor-drop-cap-view-stacked .elementor-drop-cap{background-color:#69727d;color:#fff}.elementor-widget-text-editor.elementor-drop-cap-view-framed .elementor-drop-cap{color:#69727d;border:3px solid;background-color:transparent}.elementor-widget-text-editor:not(.elementor-drop-cap-view-default) .elementor-drop-cap{margin-top:8px}.elementor-widget-text-editor:not(.elementor-drop-cap-view-default) .elementor-drop-cap-letter{width:1em;height:1em}.elementor-widget-text-editor .elementor-drop-cap{float:left;text-align:center;line-height:1;font-size:50px}.elementor-widget-text-editor .elementor-drop-cap-letter{display:inline-block}<\/style>\t\t\t\t<p><strong>Neuer Grundschullehramts-Studiengang startet im Herbst:<\/strong><br \/>An der RWTH Aachen beginnt im kommenden Wintersemester erstmals ein Studienangebot f\u00fcr angehende Grundschullehrkr\u00e4fte, berichtet Antenne AC. Zum Start werden insgesamt 80 Pl\u00e4tze vergeben. Es sind bereits mehr als 240 Bewerbungen eingegangen, was auf eine sehr gro\u00dfe Interessentenanzahl deutet. Die Oberb\u00fcrgermeisterin Sibylle Keupen zeigte sich erstaunt und erleichtert. Wer sich noch bewerben m\u00f6chte hat aber weiterhin die Chance dazu. Los geht es mit einem Vorbereitungskurs im September und die Lehrveranstaltungen starten dann wie gewohnt im Oktober. Die Partnerhochschule f\u00fcr den Studiengang ist die Uni Wuppertal. Die Lehre findet jedoch \u00fcberwiegend in Aachen statt und nur vereinzelt in Wuppertal. F\u00fcr das Wintersemester 2028\/29 ist zudem ein ankn\u00fcpfender Masterstudiengang in Planung.<\/p><p>29.06.25<\/p>\t\t\t\t\t\t<\/div>\n\t\t\t\t<\/div>\n\t\t\t\t\t<\/div>\n\t\t<\/div>\n\t\t\t\t\t<\/div>\n\t\t<\/section>\n\t\t\t\t<section class=\"elementor-section elementor-top-section elementor-element elementor-element-61c6c17 elementor-section-boxed elementor-section-height-default elementor-section-height-default\" data-id=\"61c6c17\" data-element_type=\"section\">\n\t\t\t\t\t\t<div class=\"elementor-container elementor-column-gap-default\">\n\t\t\t\t\t<div class=\"elementor-column elementor-col-100 elementor-top-column elementor-element elementor-element-bb55a0a\" data-id=\"bb55a0a\" data-element_type=\"column\">\n\t\t\t<div class=\"elementor-widget-wrap elementor-element-populated\">\n\t\t\t\t\t\t<div class=\"elementor-element elementor-element-21febc0 elementor-widget-divider--view-line elementor-widget elementor-widget-divider\" data-id=\"21febc0\" data-element_type=\"widget\" data-widget_type=\"divider.default\">\n\t\t\t\t<div class=\"elementor-widget-container\">\n\t\t\t<style>\/*! elementor - v3.23.0 - 05-08-2024 *\/\n.elementor-widget-divider{--divider-border-style:none;--divider-border-width:1px;--divider-color:#0c0d0e;--divider-icon-size:20px;--divider-element-spacing:10px;--divider-pattern-height:24px;--divider-pattern-size:20px;--divider-pattern-url:none;--divider-pattern-repeat:repeat-x}.elementor-widget-divider .elementor-divider{display:flex}.elementor-widget-divider .elementor-divider__text{font-size:15px;line-height:1;max-width:95%}.elementor-widget-divider .elementor-divider__element{margin:0 var(--divider-element-spacing);flex-shrink:0}.elementor-widget-divider .elementor-icon{font-size:var(--divider-icon-size)}.elementor-widget-divider .elementor-divider-separator{display:flex;margin:0;direction:ltr}.elementor-widget-divider--view-line_icon .elementor-divider-separator,.elementor-widget-divider--view-line_text .elementor-divider-separator{align-items:center}.elementor-widget-divider--view-line_icon .elementor-divider-separator:after,.elementor-widget-divider--view-line_icon .elementor-divider-separator:before,.elementor-widget-divider--view-line_text .elementor-divider-separator:after,.elementor-widget-divider--view-line_text .elementor-divider-separator:before{display:block;content:\"\";border-block-end:0;flex-grow:1;border-block-start:var(--divider-border-width) var(--divider-border-style) var(--divider-color)}.elementor-widget-divider--element-align-left .elementor-divider .elementor-divider-separator>.elementor-divider__svg:first-of-type{flex-grow:0;flex-shrink:100}.elementor-widget-divider--element-align-left .elementor-divider-separator:before{content:none}.elementor-widget-divider--element-align-left .elementor-divider__element{margin-left:0}.elementor-widget-divider--element-align-right .elementor-divider .elementor-divider-separator>.elementor-divider__svg:last-of-type{flex-grow:0;flex-shrink:100}.elementor-widget-divider--element-align-right .elementor-divider-separator:after{content:none}.elementor-widget-divider--element-align-right .elementor-divider__element{margin-right:0}.elementor-widget-divider--element-align-start .elementor-divider .elementor-divider-separator>.elementor-divider__svg:first-of-type{flex-grow:0;flex-shrink:100}.elementor-widget-divider--element-align-start .elementor-divider-separator:before{content:none}.elementor-widget-divider--element-align-start .elementor-divider__element{margin-inline-start:0}.elementor-widget-divider--element-align-end .elementor-divider .elementor-divider-separator>.elementor-divider__svg:last-of-type{flex-grow:0;flex-shrink:100}.elementor-widget-divider--element-align-end .elementor-divider-separator:after{content:none}.elementor-widget-divider--element-align-end .elementor-divider__element{margin-inline-end:0}.elementor-widget-divider:not(.elementor-widget-divider--view-line_text):not(.elementor-widget-divider--view-line_icon) .elementor-divider-separator{border-block-start:var(--divider-border-width) var(--divider-border-style) var(--divider-color)}.elementor-widget-divider--separator-type-pattern{--divider-border-style:none}.elementor-widget-divider--separator-type-pattern.elementor-widget-divider--view-line .elementor-divider-separator,.elementor-widget-divider--separator-type-pattern:not(.elementor-widget-divider--view-line) .elementor-divider-separator:after,.elementor-widget-divider--separator-type-pattern:not(.elementor-widget-divider--view-line) .elementor-divider-separator:before,.elementor-widget-divider--separator-type-pattern:not([class*=elementor-widget-divider--view]) .elementor-divider-separator{width:100%;min-height:var(--divider-pattern-height);-webkit-mask-size:var(--divider-pattern-size) 100%;mask-size:var(--divider-pattern-size) 100%;-webkit-mask-repeat:var(--divider-pattern-repeat);mask-repeat:var(--divider-pattern-repeat);background-color:var(--divider-color);-webkit-mask-image:var(--divider-pattern-url);mask-image:var(--divider-pattern-url)}.elementor-widget-divider--no-spacing{--divider-pattern-size:auto}.elementor-widget-divider--bg-round{--divider-pattern-repeat:round}.rtl .elementor-widget-divider .elementor-divider__text{direction:rtl}.e-con-inner>.elementor-widget-divider,.e-con>.elementor-widget-divider{width:var(--container-widget-width,100%);--flex-grow:var(--container-widget-flex-grow)}<\/style>\t\t<div class=\"elementor-divider\">\n\t\t\t<span class=\"elementor-divider-separator\">\n\t\t\t\t\t\t<\/span>\n\t\t<\/div>\n\t\t\t\t<\/div>\n\t\t\t\t<\/div>\n\t\t\t\t\t<\/div>\n\t\t<\/div>\n\t\t\t\t\t<\/div>\n\t\t<\/section>\n\t\t\t\t<\/div>\n\t\t","protected":false},"excerpt":{"rendered":"<p>Neuer Grundschullehramts-Studiengang startet im Herbst:An der RWTH Aachen beginnt im kommenden Wintersemester erstmals ein Studienangebot f\u00fcr angehende Grundschullehrkr\u00e4fte, berichtet Antenne AC. Zum Start werden insgesamt 80 Pl\u00e4tze vergeben. Es sind bereits mehr als 240 Bewerbungen eingegangen, was auf eine sehr gro\u00dfe Interessentenanzahl deutet. Die Oberb\u00fcrgermeisterin Sibylle Keupen zeigte sich erstaunt und erleichtert. Wer sich noch [&hellip;]<\/p>\n","protected":false},"author":2,"featured_media":0,"parent":0,"menu_order":0,"comment_status":"closed","ping_status":"closed","template":"","meta":[],"aioseo_notices":[],"_links":{"self":[{"href":"https:\/\/hochschulradio-aachen.de\/en\/wp-json\/wp\/v2\/pages\/2528"}],"collection":[{"href":"https:\/\/hochschulradio-aachen.de\/en\/wp-json\/wp\/v2\/pages"}],"about":[{"href":"https:\/\/hochschulradio-aachen.de\/en\/wp-json\/wp\/v2\/types\/page"}],"author":[{"embeddable":true,"href":"https:\/\/hochschulradio-aachen.de\/en\/wp-json\/wp\/v2\/users\/2"}],"replies":[{"embeddable":true,"href":"https:\/\/hochschulradio-aachen.de\/en\/wp-json\/wp\/v2\/comments?post=2528"}],"version-history":[{"count":12,"href":"https:\/\/hochschulradio-aachen.de\/en\/wp-json\/wp\/v2\/pages\/2528\/revisions"}],"predecessor-version":[{"id":2551,"href":"https:\/\/hochschulradio-aachen.de\/en\/wp-json\/wp\/v2\/pages\/2528\/revisions\/2551"}],"wp:attachment":[{"href":"https:\/\/hochschulradio-aachen.de\/en\/wp-json\/wp\/v2\/media?parent=2528"}],"curies":[{"name":"wp","href":"https:\/\/api.w.org\/{rel}","templated":true}]}}