{"id":2568,"date":"2025-06-29T13:31:53","date_gmt":"2025-06-29T13:31:53","guid":{"rendered":"https:\/\/hochschulradio-aachen.de\/?page_id=2568"},"modified":"2025-06-29T13:33:26","modified_gmt":"2025-06-29T13:33:26","slug":"mehr-parkzeit-in-der-aachener-innenstadt","status":"publish","type":"page","link":"https:\/\/hochschulradio-aachen.de\/en\/mehr-parkzeit-in-der-aachener-innenstadt","title":{"rendered":"Mehr Parkzeit in der Aachener Innenstadt"},"content":{"rendered":"\t\t<div data-elementor-type=\"wp-page\" data-elementor-id=\"2568\" class=\"elementor elementor-2568\">\n\t\t\t\t\t\t<section class=\"elementor-section elementor-top-section elementor-element elementor-element-43700d2 elementor-section-boxed elementor-section-height-default elementor-section-height-default\" data-id=\"43700d2\" data-element_type=\"section\">\n\t\t\t\t\t\t<div class=\"elementor-container elementor-column-gap-default\">\n\t\t\t\t\t<div class=\"elementor-column elementor-col-33 elementor-top-column elementor-element elementor-element-c0a491c\" data-id=\"c0a491c\" data-element_type=\"column\">\n\t\t\t<div class=\"elementor-widget-wrap elementor-element-populated\">\n\t\t\t\t\t\t<div class=\"elementor-element elementor-element-2c560bc elementor-widget elementor-widget-image\" data-id=\"2c560bc\" data-element_type=\"widget\" data-widget_type=\"image.default\">\n\t\t\t\t<div class=\"elementor-widget-container\">\n\t\t\t<style>\/*! elementor - v3.23.0 - 05-08-2024 *\/\n.elementor-widget-image{text-align:center}.elementor-widget-image a{display:inline-block}.elementor-widget-image a img[src$=\".svg\"]{width:48px}.elementor-widget-image img{vertical-align:middle;display:inline-block}<\/style>\t\t\t\t\t\t\t\t\t\t<img fetchpriority=\"high\" decoding=\"async\" width=\"746\" height=\"1024\" src=\"https:\/\/hochschulradio-aachen.de\/wp-content\/uploads\/2025\/06\/pexels-ali-muftuogullari-1151175-2303378-746x1024.jpg\" class=\"attachment-large size-large wp-image-2569\" alt=\"\" srcset=\"https:\/\/hochschulradio-aachen.de\/wp-content\/uploads\/2025\/06\/pexels-ali-muftuogullari-1151175-2303378-746x1024.jpg 746w, https:\/\/hochschulradio-aachen.de\/wp-content\/uploads\/2025\/06\/pexels-ali-muftuogullari-1151175-2303378-219x300.jpg 219w, https:\/\/hochschulradio-aachen.de\/wp-content\/uploads\/2025\/06\/pexels-ali-muftuogullari-1151175-2303378-768x1054.jpg 768w, https:\/\/hochschulradio-aachen.de\/wp-content\/uploads\/2025\/06\/pexels-ali-muftuogullari-1151175-2303378-1119x1536.jpg 1119w, https:\/\/hochschulradio-aachen.de\/wp-content\/uploads\/2025\/06\/pexels-ali-muftuogullari-1151175-2303378-1492x2048.jpg 1492w, https:\/\/hochschulradio-aachen.de\/wp-content\/uploads\/2025\/06\/pexels-ali-muftuogullari-1151175-2303378-scaled.jpg 1865w\" sizes=\"(max-width: 746px) 100vw, 746px\" \/>\t\t\t\t\t\t\t\t\t\t\t\t\t<\/div>\n\t\t\t\t<\/div>\n\t\t\t\t\t<\/div>\n\t\t<\/div>\n\t\t\t\t<div class=\"elementor-column elementor-col-66 elementor-top-column elementor-element elementor-element-e1fcb35\" data-id=\"e1fcb35\" data-element_type=\"column\">\n\t\t\t<div class=\"elementor-widget-wrap elementor-element-populated\">\n\t\t\t\t\t\t<div class=\"elementor-element elementor-element-a82633f elementor-widget elementor-widget-text-editor\" data-id=\"a82633f\" data-element_type=\"widget\" data-widget_type=\"text-editor.default\">\n\t\t\t\t<div class=\"elementor-widget-container\">\n\t\t\t<style>\/*! elementor - v3.23.0 - 05-08-2024 *\/\n.elementor-widget-text-editor.elementor-drop-cap-view-stacked .elementor-drop-cap{background-color:#69727d;color:#fff}.elementor-widget-text-editor.elementor-drop-cap-view-framed .elementor-drop-cap{color:#69727d;border:3px solid;background-color:transparent}.elementor-widget-text-editor:not(.elementor-drop-cap-view-default) .elementor-drop-cap{margin-top:8px}.elementor-widget-text-editor:not(.elementor-drop-cap-view-default) .elementor-drop-cap-letter{width:1em;height:1em}.elementor-widget-text-editor .elementor-drop-cap{float:left;text-align:center;line-height:1;font-size:50px}.elementor-widget-text-editor .elementor-drop-cap-letter{display:inline-block}<\/style>\t\t\t\t<div id=\"message-list_1750857188.395439\" class=\"c-virtual_list__item\" tabindex=\"-1\" role=\"listitem\" aria-setsize=\"-1\" data-qa=\"virtual-list-item\" data-item-key=\"1750857188.395439\">\n<div class=\"c-message_kit__background c-message_kit__background--hovered p-message_pane_message__message c-message_kit__message\" role=\"presentation\" data-qa=\"message_container\" data-qa-unprocessed=\"false\" data-qa-placeholder=\"false\">\n<div class=\"c-message_kit__hover c-message_kit__hover--hovered\" role=\"document\" aria-roledescription=\"Nachricht\" data-qa-hover=\"true\">\n<div class=\"c-message_kit__actions c-message_kit__actions--default\">\n<div class=\"c-message_kit__gutter\">\n<div class=\"c-message_kit__gutter__right\" role=\"presentation\" data-qa=\"message_content\">\n<div class=\"c-message_kit__blocks c-message_kit__blocks--rich_text\">\n<div class=\"c-message__message_blocks c-message__message_blocks--rich_text\" data-qa=\"message-text\">\n<div class=\"p-block_kit_renderer\" data-qa=\"block-kit-renderer\">\n<div class=\"p-block_kit_renderer__block_wrapper p-block_kit_renderer__block_wrapper--first\">\n<div class=\"p-rich_text_block\" dir=\"auto\">\n<div class=\"p-rich_text_section\"><b data-stringify-type=\"bold\">Mehr Parkzeit in der Aachener Innenstadt:<\/b><br>In der Aachener Innenstadt darf k\u00fcnftig l\u00e4nger geparkt werden. Der Stadtrat hat beschlossen, die H\u00f6chstparkdauer in der Tarifzone eins von einer auf maximal vier Stunden zu erh\u00f6hen, so der BRF. Die Regelung gilt f\u00fcr alle Stra\u00dfen innerhalb des Alleenrings und angrenzende Bereiche wie die Zollamtstra\u00dfe, die Hackl\u00e4nderstra\u00dfe, die Friedlandstra\u00dfe und die untere Burtscheider Stra\u00dfe. Bis es zur Umsetzung der Regelung kommt werden etwa drei Monate vergehen. Die Parkgeb\u00fchren bleiben jedoch unver\u00e4ndert. Pro angefangener Stunde fallen wie bisher drei Euro an.<\/div><div class=\"p-rich_text_section\"><br><\/div><div class=\"p-rich_text_section\">29.06.25<\/div>\n<\/div>\n<\/div>\n<\/div>\n<\/div>\n<\/div>\n<\/div>\n<\/div>\n<\/div>\n<\/div>\n<\/div>\n<\/div>\t\t\t\t\t\t<\/div>\n\t\t\t\t<\/div>\n\t\t\t\t\t<\/div>\n\t\t<\/div>\n\t\t\t\t\t<\/div>\n\t\t<\/section>\n\t\t\t\t<section class=\"elementor-section elementor-top-section elementor-element elementor-element-23d9a2e elementor-section-boxed elementor-section-height-default elementor-section-height-default\" data-id=\"23d9a2e\" data-element_type=\"section\">\n\t\t\t\t\t\t<div class=\"elementor-container elementor-column-gap-default\">\n\t\t\t\t\t<div class=\"elementor-column elementor-col-100 elementor-top-column elementor-element elementor-element-a48ebba\" data-id=\"a48ebba\" data-element_type=\"column\">\n\t\t\t<div class=\"elementor-widget-wrap elementor-element-populated\">\n\t\t\t\t\t\t<div class=\"elementor-element elementor-element-4cabd99 elementor-widget-divider--view-line elementor-widget elementor-widget-divider\" data-id=\"4cabd99\" data-element_type=\"widget\" data-widget_type=\"divider.default\">\n\t\t\t\t<div class=\"elementor-widget-container\">\n\t\t\t<style>\/*! elementor - v3.23.0 - 05-08-2024 *\/\n.elementor-widget-divider{--divider-border-style:none;--divider-border-width:1px;--divider-color:#0c0d0e;--divider-icon-size:20px;--divider-element-spacing:10px;--divider-pattern-height:24px;--divider-pattern-size:20px;--divider-pattern-url:none;--divider-pattern-repeat:repeat-x}.elementor-widget-divider .elementor-divider{display:flex}.elementor-widget-divider .elementor-divider__text{font-size:15px;line-height:1;max-width:95%}.elementor-widget-divider .elementor-divider__element{margin:0 var(--divider-element-spacing);flex-shrink:0}.elementor-widget-divider .elementor-icon{font-size:var(--divider-icon-size)}.elementor-widget-divider .elementor-divider-separator{display:flex;margin:0;direction:ltr}.elementor-widget-divider--view-line_icon .elementor-divider-separator,.elementor-widget-divider--view-line_text .elementor-divider-separator{align-items:center}.elementor-widget-divider--view-line_icon .elementor-divider-separator:after,.elementor-widget-divider--view-line_icon .elementor-divider-separator:before,.elementor-widget-divider--view-line_text .elementor-divider-separator:after,.elementor-widget-divider--view-line_text .elementor-divider-separator:before{display:block;content:\"\";border-block-end:0;flex-grow:1;border-block-start:var(--divider-border-width) var(--divider-border-style) var(--divider-color)}.elementor-widget-divider--element-align-left .elementor-divider .elementor-divider-separator>.elementor-divider__svg:first-of-type{flex-grow:0;flex-shrink:100}.elementor-widget-divider--element-align-left .elementor-divider-separator:before{content:none}.elementor-widget-divider--element-align-left .elementor-divider__element{margin-left:0}.elementor-widget-divider--element-align-right .elementor-divider .elementor-divider-separator>.elementor-divider__svg:last-of-type{flex-grow:0;flex-shrink:100}.elementor-widget-divider--element-align-right .elementor-divider-separator:after{content:none}.elementor-widget-divider--element-align-right .elementor-divider__element{margin-right:0}.elementor-widget-divider--element-align-start .elementor-divider .elementor-divider-separator>.elementor-divider__svg:first-of-type{flex-grow:0;flex-shrink:100}.elementor-widget-divider--element-align-start .elementor-divider-separator:before{content:none}.elementor-widget-divider--element-align-start .elementor-divider__element{margin-inline-start:0}.elementor-widget-divider--element-align-end .elementor-divider .elementor-divider-separator>.elementor-divider__svg:last-of-type{flex-grow:0;flex-shrink:100}.elementor-widget-divider--element-align-end .elementor-divider-separator:after{content:none}.elementor-widget-divider--element-align-end .elementor-divider__element{margin-inline-end:0}.elementor-widget-divider:not(.elementor-widget-divider--view-line_text):not(.elementor-widget-divider--view-line_icon) .elementor-divider-separator{border-block-start:var(--divider-border-width) var(--divider-border-style) var(--divider-color)}.elementor-widget-divider--separator-type-pattern{--divider-border-style:none}.elementor-widget-divider--separator-type-pattern.elementor-widget-divider--view-line .elementor-divider-separator,.elementor-widget-divider--separator-type-pattern:not(.elementor-widget-divider--view-line) .elementor-divider-separator:after,.elementor-widget-divider--separator-type-pattern:not(.elementor-widget-divider--view-line) .elementor-divider-separator:before,.elementor-widget-divider--separator-type-pattern:not([class*=elementor-widget-divider--view]) .elementor-divider-separator{width:100%;min-height:var(--divider-pattern-height);-webkit-mask-size:var(--divider-pattern-size) 100%;mask-size:var(--divider-pattern-size) 100%;-webkit-mask-repeat:var(--divider-pattern-repeat);mask-repeat:var(--divider-pattern-repeat);background-color:var(--divider-color);-webkit-mask-image:var(--divider-pattern-url);mask-image:var(--divider-pattern-url)}.elementor-widget-divider--no-spacing{--divider-pattern-size:auto}.elementor-widget-divider--bg-round{--divider-pattern-repeat:round}.rtl .elementor-widget-divider .elementor-divider__text{direction:rtl}.e-con-inner>.elementor-widget-divider,.e-con>.elementor-widget-divider{width:var(--container-widget-width,100%);--flex-grow:var(--container-widget-flex-grow)}<\/style>\t\t<div class=\"elementor-divider\">\n\t\t\t<span class=\"elementor-divider-separator\">\n\t\t\t\t\t\t<\/span>\n\t\t<\/div>\n\t\t\t\t<\/div>\n\t\t\t\t<\/div>\n\t\t\t\t\t<\/div>\n\t\t<\/div>\n\t\t\t\t\t<\/div>\n\t\t<\/section>\n\t\t\t\t<\/div>\n\t\t","protected":false},"excerpt":{"rendered":"<p>Mehr Parkzeit in der Aachener Innenstadt:In der Aachener Innenstadt darf k\u00fcnftig l\u00e4nger geparkt werden. Der Stadtrat hat beschlossen, die H\u00f6chstparkdauer in der Tarifzone eins von einer auf maximal vier Stunden zu erh\u00f6hen, so der BRF. Die Regelung gilt f\u00fcr alle Stra\u00dfen innerhalb des Alleenrings und angrenzende Bereiche wie die Zollamtstra\u00dfe, die Hackl\u00e4nderstra\u00dfe, die Friedlandstra\u00dfe und [&hellip;]<\/p>\n","protected":false},"author":2,"featured_media":0,"parent":0,"menu_order":0,"comment_status":"closed","ping_status":"closed","template":"","meta":[],"aioseo_notices":[],"_links":{"self":[{"href":"https:\/\/hochschulradio-aachen.de\/en\/wp-json\/wp\/v2\/pages\/2568"}],"collection":[{"href":"https:\/\/hochschulradio-aachen.de\/en\/wp-json\/wp\/v2\/pages"}],"about":[{"href":"https:\/\/hochschulradio-aachen.de\/en\/wp-json\/wp\/v2\/types\/page"}],"author":[{"embeddable":true,"href":"https:\/\/hochschulradio-aachen.de\/en\/wp-json\/wp\/v2\/users\/2"}],"replies":[{"embeddable":true,"href":"https:\/\/hochschulradio-aachen.de\/en\/wp-json\/wp\/v2\/comments?post=2568"}],"version-history":[{"count":3,"href":"https:\/\/hochschulradio-aachen.de\/en\/wp-json\/wp\/v2\/pages\/2568\/revisions"}],"predecessor-version":[{"id":2572,"href":"https:\/\/hochschulradio-aachen.de\/en\/wp-json\/wp\/v2\/pages\/2568\/revisions\/2572"}],"wp:attachment":[{"href":"https:\/\/hochschulradio-aachen.de\/en\/wp-json\/wp\/v2\/media?parent=2568"}],"curies":[{"name":"wp","href":"https:\/\/api.w.org\/{rel}","templated":true}]}}