{"id":2579,"date":"2025-06-29T14:42:48","date_gmt":"2025-06-29T14:42:48","guid":{"rendered":"https:\/\/hochschulradio-aachen.de\/?page_id=2579"},"modified":"2025-06-29T14:47:39","modified_gmt":"2025-06-29T14:47:39","slug":"rassistischer-brandanschlag-auf-indisches-restaurant-maharaja","status":"publish","type":"page","link":"https:\/\/hochschulradio-aachen.de\/en\/rassistischer-brandanschlag-auf-indisches-restaurant-maharaja","title":{"rendered":"Rassistischer Brandanschlag auf indisches Restaurant \u201eMaharaja\u201c"},"content":{"rendered":"\t\t<div data-elementor-type=\"wp-page\" data-elementor-id=\"2579\" class=\"elementor elementor-2579\">\n\t\t\t\t\t\t<section class=\"elementor-section elementor-top-section elementor-element elementor-element-295733d elementor-section-boxed elementor-section-height-default elementor-section-height-default\" data-id=\"295733d\" data-element_type=\"section\">\n\t\t\t\t\t\t<div class=\"elementor-container elementor-column-gap-default\">\n\t\t\t\t\t<div class=\"elementor-column elementor-col-33 elementor-top-column elementor-element elementor-element-b786237\" data-id=\"b786237\" data-element_type=\"column\">\n\t\t\t<div class=\"elementor-widget-wrap elementor-element-populated\">\n\t\t\t\t\t\t<div class=\"elementor-element elementor-element-1499f64 elementor-widget elementor-widget-image\" data-id=\"1499f64\" data-element_type=\"widget\" data-widget_type=\"image.default\">\n\t\t\t\t<div class=\"elementor-widget-container\">\n\t\t\t<style>\/*! elementor - v3.23.0 - 05-08-2024 *\/\n.elementor-widget-image{text-align:center}.elementor-widget-image a{display:inline-block}.elementor-widget-image a img[src$=\".svg\"]{width:48px}.elementor-widget-image img{vertical-align:middle;display:inline-block}<\/style>\t\t\t\t\t\t\t\t\t\t<img fetchpriority=\"high\" decoding=\"async\" width=\"768\" height=\"1024\" src=\"https:\/\/hochschulradio-aachen.de\/wp-content\/uploads\/2025\/06\/IMG_3109-768x1024.jpg\" class=\"attachment-large size-large wp-image-2580\" alt=\"\" srcset=\"https:\/\/hochschulradio-aachen.de\/wp-content\/uploads\/2025\/06\/IMG_3109-768x1024.jpg 768w, https:\/\/hochschulradio-aachen.de\/wp-content\/uploads\/2025\/06\/IMG_3109-225x300.jpg 225w, https:\/\/hochschulradio-aachen.de\/wp-content\/uploads\/2025\/06\/IMG_3109-1152x1536.jpg 1152w, https:\/\/hochschulradio-aachen.de\/wp-content\/uploads\/2025\/06\/IMG_3109-1536x2048.jpg 1536w, https:\/\/hochschulradio-aachen.de\/wp-content\/uploads\/2025\/06\/IMG_3109-scaled.jpg 1920w\" sizes=\"(max-width: 768px) 100vw, 768px\" \/>\t\t\t\t\t\t\t\t\t\t\t\t\t<\/div>\n\t\t\t\t<\/div>\n\t\t\t\t\t<\/div>\n\t\t<\/div>\n\t\t\t\t<div class=\"elementor-column elementor-col-66 elementor-top-column elementor-element elementor-element-ff25bae\" data-id=\"ff25bae\" data-element_type=\"column\">\n\t\t\t<div class=\"elementor-widget-wrap elementor-element-populated\">\n\t\t\t\t\t\t<div class=\"elementor-element elementor-element-0ce3fe4 elementor-widget elementor-widget-text-editor\" data-id=\"0ce3fe4\" data-element_type=\"widget\" data-widget_type=\"text-editor.default\">\n\t\t\t\t<div class=\"elementor-widget-container\">\n\t\t\t<style>\/*! elementor - v3.23.0 - 05-08-2024 *\/\n.elementor-widget-text-editor.elementor-drop-cap-view-stacked .elementor-drop-cap{background-color:#69727d;color:#fff}.elementor-widget-text-editor.elementor-drop-cap-view-framed .elementor-drop-cap{color:#69727d;border:3px solid;background-color:transparent}.elementor-widget-text-editor:not(.elementor-drop-cap-view-default) .elementor-drop-cap{margin-top:8px}.elementor-widget-text-editor:not(.elementor-drop-cap-view-default) .elementor-drop-cap-letter{width:1em;height:1em}.elementor-widget-text-editor .elementor-drop-cap{float:left;text-align:center;line-height:1;font-size:50px}.elementor-widget-text-editor .elementor-drop-cap-letter{display:inline-block}<\/style>\t\t\t\t<p><b data-stringify-type=\"bold\">Rassistischer Brandanschlag auf indisches Restaurant \u201eMaharaja\u201c<\/b><br>In der Nacht auf Donnerstag, den 26.\u202fJuni\u202f2025, wurde das beliebte indische Restaurant \u201eMaharaja\u201c am Alexianergraben in Aachen Ziel eines gezielten Brandanschlags. Unbekannte T\u00e4ter brachen gewaltsam ein, legten ein Feuer und ver\u00fcbten verfassungsfeindliche Schmierereien wie Hakenkreuze, NS-Parolen, \u201eSieg Heil\u201c und \u201eDrecks Ausl\u00e4nder\u201c an W\u00e4nden, T\u00fcren und Boden.<\/p><p>Der Restaurantinhaber und seine Familie zeigten sich schockiert \u00fcber die rassistischen Hassbotschaften. Dennoch wollen sie sich nicht einsch\u00fcchtern lassen und planen \u2013 unterst\u00fctzt von Online-Spenden \u2013 den schnellen Wiederaufbau.<br><\/p>\t\t\t\t\t\t<\/div>\n\t\t\t\t<\/div>\n\t\t\t\t\t<\/div>\n\t\t<\/div>\n\t\t\t\t\t<\/div>\n\t\t<\/section>\n\t\t\t\t<section class=\"elementor-section elementor-top-section elementor-element elementor-element-6f2b7a0 elementor-section-boxed elementor-section-height-default elementor-section-height-default\" data-id=\"6f2b7a0\" data-element_type=\"section\">\n\t\t\t\t\t\t<div class=\"elementor-container elementor-column-gap-default\">\n\t\t\t\t\t<div class=\"elementor-column elementor-col-100 elementor-top-column elementor-element elementor-element-2537e3d\" data-id=\"2537e3d\" data-element_type=\"column\">\n\t\t\t<div class=\"elementor-widget-wrap elementor-element-populated\">\n\t\t\t\t\t\t<div class=\"elementor-element elementor-element-00a7daf elementor-widget elementor-widget-text-editor\" data-id=\"00a7daf\" data-element_type=\"widget\" data-widget_type=\"text-editor.default\">\n\t\t\t\t<div class=\"elementor-widget-container\">\n\t\t\t\t\t\t\t<p>In einem Posting auf Instagram beschreiben sie die Lage als \u201eScherbenhaufen\u201c \u2013 und danken der \u00fcberw\u00e4ltigenden Welle der Solidarit\u00e4t aus der Bev\u00f6lkerung.<br \/>Oberb\u00fcrgermeisterin Sibylle Keupen verurteilte die Tat scharf als Angriff auf die offene, vielf\u00e4ltige Stadtgesellschaft. Sie betonte, Hass habe in Aachen keinen Platz. Die Aachener Polizei und die Staatsanwaltschaft ermitteln wegen schwerer Brandstiftung und politisch motivierter Kriminalit\u00e4t. Bis die Ermittlungen abgeschlossen sind, bleibt das Lokal vor\u00fcbergehend geschlossen.<br \/>Ein beeindruckendes Zeichen f\u00fcr Zusammenhalt: Nach dem Anschlag koordinieren Ehrenamtliche Aufr\u00e4umaktionen und Hilfsangebote, um das Maharaja so bald wie m\u00f6glich wieder zu \u00f6ffnen.<\/p><p>29.06.25<\/p>\t\t\t\t\t\t<\/div>\n\t\t\t\t<\/div>\n\t\t\t\t\t<\/div>\n\t\t<\/div>\n\t\t\t\t\t<\/div>\n\t\t<\/section>\n\t\t\t\t<section class=\"elementor-section elementor-top-section elementor-element elementor-element-220f359 elementor-section-boxed elementor-section-height-default elementor-section-height-default\" data-id=\"220f359\" data-element_type=\"section\">\n\t\t\t\t\t\t<div class=\"elementor-container elementor-column-gap-default\">\n\t\t\t\t\t<div class=\"elementor-column elementor-col-100 elementor-top-column elementor-element elementor-element-d861ba0\" data-id=\"d861ba0\" data-element_type=\"column\">\n\t\t\t<div class=\"elementor-widget-wrap elementor-element-populated\">\n\t\t\t\t\t\t<div class=\"elementor-element elementor-element-7c8b984 elementor-widget-divider--view-line elementor-widget elementor-widget-divider\" data-id=\"7c8b984\" data-element_type=\"widget\" data-widget_type=\"divider.default\">\n\t\t\t\t<div class=\"elementor-widget-container\">\n\t\t\t<style>\/*! elementor - v3.23.0 - 05-08-2024 *\/\n.elementor-widget-divider{--divider-border-style:none;--divider-border-width:1px;--divider-color:#0c0d0e;--divider-icon-size:20px;--divider-element-spacing:10px;--divider-pattern-height:24px;--divider-pattern-size:20px;--divider-pattern-url:none;--divider-pattern-repeat:repeat-x}.elementor-widget-divider .elementor-divider{display:flex}.elementor-widget-divider .elementor-divider__text{font-size:15px;line-height:1;max-width:95%}.elementor-widget-divider .elementor-divider__element{margin:0 var(--divider-element-spacing);flex-shrink:0}.elementor-widget-divider .elementor-icon{font-size:var(--divider-icon-size)}.elementor-widget-divider .elementor-divider-separator{display:flex;margin:0;direction:ltr}.elementor-widget-divider--view-line_icon .elementor-divider-separator,.elementor-widget-divider--view-line_text .elementor-divider-separator{align-items:center}.elementor-widget-divider--view-line_icon .elementor-divider-separator:after,.elementor-widget-divider--view-line_icon .elementor-divider-separator:before,.elementor-widget-divider--view-line_text .elementor-divider-separator:after,.elementor-widget-divider--view-line_text .elementor-divider-separator:before{display:block;content:\"\";border-block-end:0;flex-grow:1;border-block-start:var(--divider-border-width) var(--divider-border-style) var(--divider-color)}.elementor-widget-divider--element-align-left .elementor-divider .elementor-divider-separator>.elementor-divider__svg:first-of-type{flex-grow:0;flex-shrink:100}.elementor-widget-divider--element-align-left .elementor-divider-separator:before{content:none}.elementor-widget-divider--element-align-left .elementor-divider__element{margin-left:0}.elementor-widget-divider--element-align-right .elementor-divider .elementor-divider-separator>.elementor-divider__svg:last-of-type{flex-grow:0;flex-shrink:100}.elementor-widget-divider--element-align-right .elementor-divider-separator:after{content:none}.elementor-widget-divider--element-align-right .elementor-divider__element{margin-right:0}.elementor-widget-divider--element-align-start .elementor-divider .elementor-divider-separator>.elementor-divider__svg:first-of-type{flex-grow:0;flex-shrink:100}.elementor-widget-divider--element-align-start .elementor-divider-separator:before{content:none}.elementor-widget-divider--element-align-start .elementor-divider__element{margin-inline-start:0}.elementor-widget-divider--element-align-end .elementor-divider .elementor-divider-separator>.elementor-divider__svg:last-of-type{flex-grow:0;flex-shrink:100}.elementor-widget-divider--element-align-end .elementor-divider-separator:after{content:none}.elementor-widget-divider--element-align-end .elementor-divider__element{margin-inline-end:0}.elementor-widget-divider:not(.elementor-widget-divider--view-line_text):not(.elementor-widget-divider--view-line_icon) .elementor-divider-separator{border-block-start:var(--divider-border-width) var(--divider-border-style) var(--divider-color)}.elementor-widget-divider--separator-type-pattern{--divider-border-style:none}.elementor-widget-divider--separator-type-pattern.elementor-widget-divider--view-line .elementor-divider-separator,.elementor-widget-divider--separator-type-pattern:not(.elementor-widget-divider--view-line) .elementor-divider-separator:after,.elementor-widget-divider--separator-type-pattern:not(.elementor-widget-divider--view-line) .elementor-divider-separator:before,.elementor-widget-divider--separator-type-pattern:not([class*=elementor-widget-divider--view]) .elementor-divider-separator{width:100%;min-height:var(--divider-pattern-height);-webkit-mask-size:var(--divider-pattern-size) 100%;mask-size:var(--divider-pattern-size) 100%;-webkit-mask-repeat:var(--divider-pattern-repeat);mask-repeat:var(--divider-pattern-repeat);background-color:var(--divider-color);-webkit-mask-image:var(--divider-pattern-url);mask-image:var(--divider-pattern-url)}.elementor-widget-divider--no-spacing{--divider-pattern-size:auto}.elementor-widget-divider--bg-round{--divider-pattern-repeat:round}.rtl .elementor-widget-divider .elementor-divider__text{direction:rtl}.e-con-inner>.elementor-widget-divider,.e-con>.elementor-widget-divider{width:var(--container-widget-width,100%);--flex-grow:var(--container-widget-flex-grow)}<\/style>\t\t<div class=\"elementor-divider\">\n\t\t\t<span class=\"elementor-divider-separator\">\n\t\t\t\t\t\t<\/span>\n\t\t<\/div>\n\t\t\t\t<\/div>\n\t\t\t\t<\/div>\n\t\t\t\t\t<\/div>\n\t\t<\/div>\n\t\t\t\t\t<\/div>\n\t\t<\/section>\n\t\t\t\t<\/div>\n\t\t","protected":false},"excerpt":{"rendered":"<p>Rassistischer Brandanschlag auf indisches Restaurant \u201eMaharaja\u201cIn der Nacht auf Donnerstag, den 26.\u202fJuni\u202f2025, wurde das beliebte indische Restaurant \u201eMaharaja\u201c am Alexianergraben in Aachen Ziel eines gezielten Brandanschlags. Unbekannte T\u00e4ter brachen gewaltsam ein, legten ein Feuer und ver\u00fcbten verfassungsfeindliche Schmierereien wie Hakenkreuze, NS-Parolen, \u201eSieg Heil\u201c und \u201eDrecks Ausl\u00e4nder\u201c an W\u00e4nden, T\u00fcren und Boden. Der Restaurantinhaber und seine [&hellip;]<\/p>\n","protected":false},"author":2,"featured_media":0,"parent":0,"menu_order":0,"comment_status":"closed","ping_status":"closed","template":"","meta":[],"aioseo_notices":[],"_links":{"self":[{"href":"https:\/\/hochschulradio-aachen.de\/en\/wp-json\/wp\/v2\/pages\/2579"}],"collection":[{"href":"https:\/\/hochschulradio-aachen.de\/en\/wp-json\/wp\/v2\/pages"}],"about":[{"href":"https:\/\/hochschulradio-aachen.de\/en\/wp-json\/wp\/v2\/types\/page"}],"author":[{"embeddable":true,"href":"https:\/\/hochschulradio-aachen.de\/en\/wp-json\/wp\/v2\/users\/2"}],"replies":[{"embeddable":true,"href":"https:\/\/hochschulradio-aachen.de\/en\/wp-json\/wp\/v2\/comments?post=2579"}],"version-history":[{"count":6,"href":"https:\/\/hochschulradio-aachen.de\/en\/wp-json\/wp\/v2\/pages\/2579\/revisions"}],"predecessor-version":[{"id":2592,"href":"https:\/\/hochschulradio-aachen.de\/en\/wp-json\/wp\/v2\/pages\/2579\/revisions\/2592"}],"wp:attachment":[{"href":"https:\/\/hochschulradio-aachen.de\/en\/wp-json\/wp\/v2\/media?parent=2579"}],"curies":[{"name":"wp","href":"https:\/\/api.w.org\/{rel}","templated":true}]}}