{"id":2659,"date":"2025-08-28T10:33:11","date_gmt":"2025-08-28T10:33:11","guid":{"rendered":"https:\/\/hochschulradio-aachen.de\/?page_id=2659"},"modified":"2025-08-28T10:38:24","modified_gmt":"2025-08-28T10:38:24","slug":"krachparade-in-aachen-vor-dem-aus","status":"publish","type":"page","link":"https:\/\/hochschulradio-aachen.de\/en\/krachparade-in-aachen-vor-dem-aus","title":{"rendered":"Krachparade in Aachen vor dem Aus?"},"content":{"rendered":"\t\t<div data-elementor-type=\"wp-page\" data-elementor-id=\"2659\" class=\"elementor elementor-2659\">\n\t\t\t\t\t\t<section class=\"elementor-section elementor-top-section elementor-element elementor-element-b290fd7 elementor-section-boxed elementor-section-height-default elementor-section-height-default\" data-id=\"b290fd7\" data-element_type=\"section\">\n\t\t\t\t\t\t<div class=\"elementor-container elementor-column-gap-default\">\n\t\t\t\t\t<div class=\"elementor-column elementor-col-33 elementor-top-column elementor-element elementor-element-47f1479\" data-id=\"47f1479\" data-element_type=\"column\">\n\t\t\t<div class=\"elementor-widget-wrap elementor-element-populated\">\n\t\t\t\t\t\t<div class=\"elementor-element elementor-element-0add2de elementor-widget__width-initial elementor-widget elementor-widget-image\" data-id=\"0add2de\" data-element_type=\"widget\" data-widget_type=\"image.default\">\n\t\t\t\t<div class=\"elementor-widget-container\">\n\t\t\t<style>\/*! elementor - v3.23.0 - 05-08-2024 *\/\n.elementor-widget-image{text-align:center}.elementor-widget-image a{display:inline-block}.elementor-widget-image a img[src$=\".svg\"]{width:48px}.elementor-widget-image img{vertical-align:middle;display:inline-block}<\/style>\t\t\t\t\t\t\t\t\t\t<img fetchpriority=\"high\" decoding=\"async\" width=\"768\" height=\"960\" src=\"https:\/\/hochschulradio-aachen.de\/wp-content\/uploads\/2025\/08\/SnapInsta.to_533529136_17997688310813248_6224752354227080655_n-768x960.jpg\" class=\"attachment-medium_large size-medium_large wp-image-2662\" alt=\"\" srcset=\"https:\/\/hochschulradio-aachen.de\/wp-content\/uploads\/2025\/08\/SnapInsta.to_533529136_17997688310813248_6224752354227080655_n-768x960.jpg 768w, https:\/\/hochschulradio-aachen.de\/wp-content\/uploads\/2025\/08\/SnapInsta.to_533529136_17997688310813248_6224752354227080655_n-240x300.jpg 240w, https:\/\/hochschulradio-aachen.de\/wp-content\/uploads\/2025\/08\/SnapInsta.to_533529136_17997688310813248_6224752354227080655_n-819x1024.jpg 819w, https:\/\/hochschulradio-aachen.de\/wp-content\/uploads\/2025\/08\/SnapInsta.to_533529136_17997688310813248_6224752354227080655_n.jpg 1080w\" sizes=\"(max-width: 768px) 100vw, 768px\" \/>\t\t\t\t\t\t\t\t\t\t\t\t\t<\/div>\n\t\t\t\t<\/div>\n\t\t\t\t\t<\/div>\n\t\t<\/div>\n\t\t\t\t<div class=\"elementor-column elementor-col-66 elementor-top-column elementor-element elementor-element-6bcd67d\" data-id=\"6bcd67d\" data-element_type=\"column\">\n\t\t\t<div class=\"elementor-widget-wrap elementor-element-populated\">\n\t\t\t\t\t\t<div class=\"elementor-element elementor-element-6d6b733 elementor-widget__width-initial elementor-widget elementor-widget-text-editor\" data-id=\"6d6b733\" data-element_type=\"widget\" data-widget_type=\"text-editor.default\">\n\t\t\t\t<div class=\"elementor-widget-container\">\n\t\t\t<style>\/*! elementor - v3.23.0 - 05-08-2024 *\/\n.elementor-widget-text-editor.elementor-drop-cap-view-stacked .elementor-drop-cap{background-color:#69727d;color:#fff}.elementor-widget-text-editor.elementor-drop-cap-view-framed .elementor-drop-cap{color:#69727d;border:3px solid;background-color:transparent}.elementor-widget-text-editor:not(.elementor-drop-cap-view-default) .elementor-drop-cap{margin-top:8px}.elementor-widget-text-editor:not(.elementor-drop-cap-view-default) .elementor-drop-cap-letter{width:1em;height:1em}.elementor-widget-text-editor .elementor-drop-cap{float:left;text-align:center;line-height:1;font-size:50px}.elementor-widget-text-editor .elementor-drop-cap-letter{display:inline-block}<\/style>\t\t\t\t<p><br><\/p><p>Die Zukunft der Anfang September geplanten Krachparade 2025 ist ungewiss. Die Polizei hat den Umzug nicht als Demonstration anerkannt und m\u00f6chte ihn verhindern.<\/p>\n<p>Seit 2019 ist die Krachparade ein wichtiger Bestandteil der Aachener Kulturszene. Im vergangenen Jahr nahmen rund 5000 Menschen teil, um mit Musik, Tanz und politischen Forderungen auf kulturelle Freir\u00e4ume aufmerksam zu machen.<\/p>\n<p>Laut der Polizei w\u00fcrden jedoch Musik und Feiern \u00fcberwiegen und wegen zu wenigen Redebeitr\u00e4gen der Umzug nicht unter die Versammlungsfreiheit fallen.<\/p>\t\t\t\t\t\t<\/div>\n\t\t\t\t<\/div>\n\t\t\t\t\t<\/div>\n\t\t<\/div>\n\t\t\t\t\t<\/div>\n\t\t<\/section>\n\t\t\t\t<section class=\"elementor-section elementor-top-section elementor-element elementor-element-820e615 elementor-section-boxed elementor-section-height-default elementor-section-height-default\" data-id=\"820e615\" data-element_type=\"section\">\n\t\t\t\t\t\t<div class=\"elementor-container elementor-column-gap-default\">\n\t\t\t\t\t<div class=\"elementor-column elementor-col-100 elementor-top-column elementor-element elementor-element-07a95d7\" data-id=\"07a95d7\" data-element_type=\"column\">\n\t\t\t<div class=\"elementor-widget-wrap elementor-element-populated\">\n\t\t\t\t\t\t<div class=\"elementor-element elementor-element-08934ed elementor-widget elementor-widget-text-editor\" data-id=\"08934ed\" data-element_type=\"widget\" data-widget_type=\"text-editor.default\">\n\t\t\t\t<div class=\"elementor-widget-container\">\n\t\t\t\t\t\t\t<p>Die Organisator:innen sehen darin eine gezielte Abwertung ihres Anliegens, meldet der Krachparade Account auf Instagram. Die Krachparade sei eine politische Demonstration und Musik und Tanz Teil ihres Ausdrucks. Sie wollen nun juristisch gegen diese Entscheidung vorgehen, die lokale Politik miteinbeziehen und Medial Druck aufbauen.<\/p>\n<p>Ob die Parade stattfindet, bleibt also offen. Die Veranstalter:innen rufen aktuell zur Unterst\u00fctzung auf. Mehr Informationen auf Instagram @krach_parade<br><br>Datum: 28.08.25<\/p>\t\t\t\t\t\t<\/div>\n\t\t\t\t<\/div>\n\t\t\t\t\t<\/div>\n\t\t<\/div>\n\t\t\t\t\t<\/div>\n\t\t<\/section>\n\t\t\t\t<\/div>\n\t\t","protected":false},"excerpt":{"rendered":"<p>Die Zukunft der Anfang September geplanten Krachparade 2025 ist ungewiss. Die Polizei hat den Umzug nicht als Demonstration anerkannt und m\u00f6chte ihn verhindern. Seit 2019 ist die Krachparade ein wichtiger Bestandteil der Aachener Kulturszene. Im vergangenen Jahr nahmen rund 5000 Menschen teil, um mit Musik, Tanz und politischen Forderungen auf kulturelle Freir\u00e4ume aufmerksam zu machen. [&hellip;]<\/p>\n","protected":false},"author":2,"featured_media":0,"parent":0,"menu_order":0,"comment_status":"closed","ping_status":"closed","template":"","meta":[],"aioseo_notices":[],"_links":{"self":[{"href":"https:\/\/hochschulradio-aachen.de\/en\/wp-json\/wp\/v2\/pages\/2659"}],"collection":[{"href":"https:\/\/hochschulradio-aachen.de\/en\/wp-json\/wp\/v2\/pages"}],"about":[{"href":"https:\/\/hochschulradio-aachen.de\/en\/wp-json\/wp\/v2\/types\/page"}],"author":[{"embeddable":true,"href":"https:\/\/hochschulradio-aachen.de\/en\/wp-json\/wp\/v2\/users\/2"}],"replies":[{"embeddable":true,"href":"https:\/\/hochschulradio-aachen.de\/en\/wp-json\/wp\/v2\/comments?post=2659"}],"version-history":[{"count":4,"href":"https:\/\/hochschulradio-aachen.de\/en\/wp-json\/wp\/v2\/pages\/2659\/revisions"}],"predecessor-version":[{"id":2665,"href":"https:\/\/hochschulradio-aachen.de\/en\/wp-json\/wp\/v2\/pages\/2659\/revisions\/2665"}],"wp:attachment":[{"href":"https:\/\/hochschulradio-aachen.de\/en\/wp-json\/wp\/v2\/media?parent=2659"}],"curies":[{"name":"wp","href":"https:\/\/api.w.org\/{rel}","templated":true}]}}