{"id":2746,"date":"2025-09-16T23:19:31","date_gmt":"2025-09-16T23:19:31","guid":{"rendered":"https:\/\/hochschulradio-aachen.de\/?page_id=2746"},"modified":"2025-09-16T23:24:40","modified_gmt":"2025-09-16T23:24:40","slug":"conjuring-4-last-rites-review","status":"publish","type":"page","link":"https:\/\/hochschulradio-aachen.de\/en\/conjuring-4-last-rites-review","title":{"rendered":"Conjuring 4: Last Rites Review"},"content":{"rendered":"\t\t<div data-elementor-type=\"wp-page\" data-elementor-id=\"2746\" class=\"elementor elementor-2746\">\n\t\t\t\t\t\t<section class=\"elementor-section elementor-top-section elementor-element elementor-element-b24dfb6 elementor-section-boxed elementor-section-height-default elementor-section-height-default\" data-id=\"b24dfb6\" data-element_type=\"section\">\n\t\t\t\t\t\t<div class=\"elementor-container elementor-column-gap-default\">\n\t\t\t\t\t<div class=\"elementor-column elementor-col-33 elementor-top-column elementor-element elementor-element-94afa40\" data-id=\"94afa40\" data-element_type=\"column\">\n\t\t\t<div class=\"elementor-widget-wrap elementor-element-populated\">\n\t\t\t\t\t\t<div class=\"elementor-element elementor-element-ba0e682 elementor-widget elementor-widget-image\" data-id=\"ba0e682\" data-element_type=\"widget\" data-widget_type=\"image.default\">\n\t\t\t\t<div class=\"elementor-widget-container\">\n\t\t\t<style>\/*! elementor - v3.23.0 - 05-08-2024 *\/\n.elementor-widget-image{text-align:center}.elementor-widget-image a{display:inline-block}.elementor-widget-image a img[src$=\".svg\"]{width:48px}.elementor-widget-image img{vertical-align:middle;display:inline-block}<\/style>\t\t\t\t\t\t\t\t\t\t<img fetchpriority=\"high\" decoding=\"async\" width=\"691\" height=\"1024\" src=\"https:\/\/hochschulradio-aachen.de\/wp-content\/uploads\/2025\/09\/MV5BOGRhNWVhZWUtNWUzMi00ZWQ0LWI3YmUtNTk5YTNiNDRlNDEwXkEyXkFqcGc@._V1_FMjpg_UY4096_-691x1024.jpg\" class=\"attachment-large size-large wp-image-2748\" alt=\"\" srcset=\"https:\/\/hochschulradio-aachen.de\/wp-content\/uploads\/2025\/09\/MV5BOGRhNWVhZWUtNWUzMi00ZWQ0LWI3YmUtNTk5YTNiNDRlNDEwXkEyXkFqcGc@._V1_FMjpg_UY4096_-691x1024.jpg 691w, https:\/\/hochschulradio-aachen.de\/wp-content\/uploads\/2025\/09\/MV5BOGRhNWVhZWUtNWUzMi00ZWQ0LWI3YmUtNTk5YTNiNDRlNDEwXkEyXkFqcGc@._V1_FMjpg_UY4096_-202x300.jpg 202w, https:\/\/hochschulradio-aachen.de\/wp-content\/uploads\/2025\/09\/MV5BOGRhNWVhZWUtNWUzMi00ZWQ0LWI3YmUtNTk5YTNiNDRlNDEwXkEyXkFqcGc@._V1_FMjpg_UY4096_-768x1138.jpg 768w, https:\/\/hochschulradio-aachen.de\/wp-content\/uploads\/2025\/09\/MV5BOGRhNWVhZWUtNWUzMi00ZWQ0LWI3YmUtNTk5YTNiNDRlNDEwXkEyXkFqcGc@._V1_FMjpg_UY4096_-1037x1536.jpg 1037w, https:\/\/hochschulradio-aachen.de\/wp-content\/uploads\/2025\/09\/MV5BOGRhNWVhZWUtNWUzMi00ZWQ0LWI3YmUtNTk5YTNiNDRlNDEwXkEyXkFqcGc@._V1_FMjpg_UY4096_-1382x2048.jpg 1382w, https:\/\/hochschulradio-aachen.de\/wp-content\/uploads\/2025\/09\/MV5BOGRhNWVhZWUtNWUzMi00ZWQ0LWI3YmUtNTk5YTNiNDRlNDEwXkEyXkFqcGc@._V1_FMjpg_UY4096_-scaled.jpg 1728w\" sizes=\"(max-width: 691px) 100vw, 691px\" \/>\t\t\t\t\t\t\t\t\t\t\t\t\t<\/div>\n\t\t\t\t<\/div>\n\t\t\t\t<div class=\"elementor-element elementor-element-bfd3cf7 elementor-widget elementor-widget-text-editor\" data-id=\"bfd3cf7\" data-element_type=\"widget\" data-widget_type=\"text-editor.default\">\n\t\t\t\t<div class=\"elementor-widget-container\">\n\t\t\t<style>\/*! elementor - v3.23.0 - 05-08-2024 *\/\n.elementor-widget-text-editor.elementor-drop-cap-view-stacked .elementor-drop-cap{background-color:#69727d;color:#fff}.elementor-widget-text-editor.elementor-drop-cap-view-framed .elementor-drop-cap{color:#69727d;border:3px solid;background-color:transparent}.elementor-widget-text-editor:not(.elementor-drop-cap-view-default) .elementor-drop-cap{margin-top:8px}.elementor-widget-text-editor:not(.elementor-drop-cap-view-default) .elementor-drop-cap-letter{width:1em;height:1em}.elementor-widget-text-editor .elementor-drop-cap{float:left;text-align:center;line-height:1;font-size:50px}.elementor-widget-text-editor .elementor-drop-cap-letter{display:inline-block}<\/style>\t\t\t\t<p><em>Review von Laura Hinrichsen<\/em><\/p>\t\t\t\t\t\t<\/div>\n\t\t\t\t<\/div>\n\t\t\t\t\t<\/div>\n\t\t<\/div>\n\t\t\t\t<div class=\"elementor-column elementor-col-66 elementor-top-column elementor-element elementor-element-827b86f\" data-id=\"827b86f\" data-element_type=\"column\">\n\t\t\t<div class=\"elementor-widget-wrap elementor-element-populated\">\n\t\t\t\t\t\t<div class=\"elementor-element elementor-element-76f7f69 elementor-widget elementor-widget-text-editor\" data-id=\"76f7f69\" data-element_type=\"widget\" data-widget_type=\"text-editor.default\">\n\t\t\t\t<div class=\"elementor-widget-container\">\n\t\t\t\t\t\t\t<p>Conjuring 4: Last Rites schlie\u00dft die Hauptreihe um Ed und Lorraine Warren mit einem w\u00fcrdigen, wenn auch nicht makellosen Finale ab. Die Mischung aus dem Fall der verfluchten Familie und der pers\u00f6nlichen Geschichte der Warrens funktioniert atmosph\u00e4risch gut, auch wenn das Erz\u00e4hltempo stellenweise etwas z\u00e4h wirkt. Vera Farmiga und Patrick Wilson tragen den Film mit gewohnt starker Pr\u00e4senz, und besonders die Einbindung von Tochter Judy bringt emotionale Tiefe. Nun geht es auch mehr um die Perspektive von Judy, welche ihren ersten Freund mit ins Geschehen bringt. Visuell \u00fcberzeugt der Film durch stimmige 80er-Jahre-Optik und einige unheimliche Momente, doch viele Jumpscares sind vorhersehbar und bedienen klassische Horror-Klischees. Somit sp\u00fcrt man durchgehend eine schaurige Atmosph\u00e4re, ohne sich h\u00e4ufig zu erschrecken. Insgesamt bietet Last Rites Fans solide Spannung und ein emotionales Abschiedskapitel ohne Cliffhanger, jedoch ist daf\u00fcr die Intensit\u00e4t zwischen dem Exorzismus und der Warrens veringert.<br aria-hidden=\"true\" \/><br aria-hidden=\"true\" \/>Ich kann den Film sehr empfehlen, besonders denen die ein schl\u00fcssiges Ende in ihrem Conjuring Universum suchen!<\/p>\t\t\t\t\t\t<\/div>\n\t\t\t\t<\/div>\n\t\t\t\t\t<\/div>\n\t\t<\/div>\n\t\t\t\t\t<\/div>\n\t\t<\/section>\n\t\t\t\t<\/div>\n\t\t","protected":false},"excerpt":{"rendered":"<p>Review von Laura Hinrichsen Conjuring 4: Last Rites schlie\u00dft die Hauptreihe um Ed und Lorraine Warren mit einem w\u00fcrdigen, wenn auch nicht makellosen Finale ab. Die Mischung aus dem Fall der verfluchten Familie und der pers\u00f6nlichen Geschichte der Warrens funktioniert atmosph\u00e4risch gut, auch wenn das Erz\u00e4hltempo stellenweise etwas z\u00e4h wirkt. Vera Farmiga und Patrick Wilson [&hellip;]<\/p>\n","protected":false},"author":2,"featured_media":0,"parent":0,"menu_order":0,"comment_status":"closed","ping_status":"closed","template":"","meta":[],"aioseo_notices":[],"_links":{"self":[{"href":"https:\/\/hochschulradio-aachen.de\/en\/wp-json\/wp\/v2\/pages\/2746"}],"collection":[{"href":"https:\/\/hochschulradio-aachen.de\/en\/wp-json\/wp\/v2\/pages"}],"about":[{"href":"https:\/\/hochschulradio-aachen.de\/en\/wp-json\/wp\/v2\/types\/page"}],"author":[{"embeddable":true,"href":"https:\/\/hochschulradio-aachen.de\/en\/wp-json\/wp\/v2\/users\/2"}],"replies":[{"embeddable":true,"href":"https:\/\/hochschulradio-aachen.de\/en\/wp-json\/wp\/v2\/comments?post=2746"}],"version-history":[{"count":4,"href":"https:\/\/hochschulradio-aachen.de\/en\/wp-json\/wp\/v2\/pages\/2746\/revisions"}],"predecessor-version":[{"id":2751,"href":"https:\/\/hochschulradio-aachen.de\/en\/wp-json\/wp\/v2\/pages\/2746\/revisions\/2751"}],"wp:attachment":[{"href":"https:\/\/hochschulradio-aachen.de\/en\/wp-json\/wp\/v2\/media?parent=2746"}],"curies":[{"name":"wp","href":"https:\/\/api.w.org\/{rel}","templated":true}]}}