{"id":2761,"date":"2025-10-11T22:22:07","date_gmt":"2025-10-11T22:22:07","guid":{"rendered":"https:\/\/hochschulradio-aachen.de\/?page_id=2761"},"modified":"2025-10-11T22:33:07","modified_gmt":"2025-10-11T22:33:07","slug":"die-orestie-rezension","status":"publish","type":"page","link":"https:\/\/hochschulradio-aachen.de\/en\/die-orestie-rezension","title":{"rendered":"&#8222;Die Orestie&#8220; Rezension:"},"content":{"rendered":"\t\t<div data-elementor-type=\"wp-page\" data-elementor-id=\"2761\" class=\"elementor elementor-2761\">\n\t\t\t\t\t\t<section class=\"elementor-section elementor-top-section elementor-element elementor-element-cbaf66c elementor-section-boxed elementor-section-height-default elementor-section-height-default\" data-id=\"cbaf66c\" data-element_type=\"section\">\n\t\t\t\t\t\t<div class=\"elementor-container elementor-column-gap-default\">\n\t\t\t\t\t<div class=\"elementor-column elementor-col-33 elementor-top-column elementor-element elementor-element-8dcce3c\" data-id=\"8dcce3c\" data-element_type=\"column\">\n\t\t\t<div class=\"elementor-widget-wrap elementor-element-populated\">\n\t\t\t\t\t\t<div class=\"elementor-element elementor-element-805c49b elementor-widget elementor-widget-image\" data-id=\"805c49b\" data-element_type=\"widget\" data-widget_type=\"image.default\">\n\t\t\t\t<div class=\"elementor-widget-container\">\n\t\t\t<style>\/*! elementor - v3.23.0 - 05-08-2024 *\/\n.elementor-widget-image{text-align:center}.elementor-widget-image a{display:inline-block}.elementor-widget-image a img[src$=\".svg\"]{width:48px}.elementor-widget-image img{vertical-align:middle;display:inline-block}<\/style>\t\t\t\t\t\t\t\t\t\t<img fetchpriority=\"high\" decoding=\"async\" width=\"768\" height=\"1024\" src=\"https:\/\/hochschulradio-aachen.de\/wp-content\/uploads\/2025\/10\/IMG_0949-768x1024.jpg\" class=\"attachment-large size-large wp-image-2763\" alt=\"\" srcset=\"https:\/\/hochschulradio-aachen.de\/wp-content\/uploads\/2025\/10\/IMG_0949-768x1024.jpg 768w, https:\/\/hochschulradio-aachen.de\/wp-content\/uploads\/2025\/10\/IMG_0949-225x300.jpg 225w, https:\/\/hochschulradio-aachen.de\/wp-content\/uploads\/2025\/10\/IMG_0949-1152x1536.jpg 1152w, https:\/\/hochschulradio-aachen.de\/wp-content\/uploads\/2025\/10\/IMG_0949-1536x2048.jpg 1536w, https:\/\/hochschulradio-aachen.de\/wp-content\/uploads\/2025\/10\/IMG_0949.jpg 1650w\" sizes=\"(max-width: 768px) 100vw, 768px\" \/>\t\t\t\t\t\t\t\t\t\t\t\t\t<\/div>\n\t\t\t\t<\/div>\n\t\t\t\t\t<\/div>\n\t\t<\/div>\n\t\t\t\t<div class=\"elementor-column elementor-col-66 elementor-top-column elementor-element elementor-element-1d56506\" data-id=\"1d56506\" data-element_type=\"column\">\n\t\t\t<div class=\"elementor-widget-wrap elementor-element-populated\">\n\t\t\t\t\t\t<div class=\"elementor-element elementor-element-e712685 elementor-widget elementor-widget-text-editor\" data-id=\"e712685\" data-element_type=\"widget\" data-widget_type=\"text-editor.default\">\n\t\t\t\t<div class=\"elementor-widget-container\">\n\t\t\t<style>\/*! elementor - v3.23.0 - 05-08-2024 *\/\n.elementor-widget-text-editor.elementor-drop-cap-view-stacked .elementor-drop-cap{background-color:#69727d;color:#fff}.elementor-widget-text-editor.elementor-drop-cap-view-framed .elementor-drop-cap{color:#69727d;border:3px solid;background-color:transparent}.elementor-widget-text-editor:not(.elementor-drop-cap-view-default) .elementor-drop-cap{margin-top:8px}.elementor-widget-text-editor:not(.elementor-drop-cap-view-default) .elementor-drop-cap-letter{width:1em;height:1em}.elementor-widget-text-editor .elementor-drop-cap{float:left;text-align:center;line-height:1;font-size:50px}.elementor-widget-text-editor .elementor-drop-cap-letter{display:inline-block}<\/style>\t\t\t\t<p>Ein Graffiti zeigt den Satz \u201e<strong>Die Toten t\u00f6ten die Lebenden<\/strong>\u201c \u2013 dieses B\u00fchnenbild fasst die Handlung von \u201eDie Orestie\u201c ziemlich gut zusammen. Das 2500 Jahre alte St\u00fcck handelt von der tragischen Geschichte der Nachkommen des Tantalos. Dadurch, dass Tantalos die G\u00f6tter betrogen hat, liegt nun ein Fluch auf der Familie. Der Gro\u00dfteil des St\u00fccks spielt viele Jahre sp\u00e4ter zur Zeit des Trojanischen Kriegs und zeigt die Intrigen und Morde rund um die Familie des griechischen Kriegsherrn Agamemnon.\u00a0<\/p><p><strong>Die Orestie<\/strong> ist eine moderne Inszenierung des St\u00fccks des griechischen Dichters <strong>Aischylos<\/strong>. Dabei verbindet Regisseur <strong>Florian Hartweck<\/strong> Elemente des klassischen Theaters wie etwa einen Sprechchor mit modernen Einfl\u00fcssen. Zum Beispiel wird ein Teil des St\u00fccks live mit einer Kamera aus einem Raum hinter der B\u00fchne \u00fcbertragen.<\/p>\t\t\t\t\t\t<\/div>\n\t\t\t\t<\/div>\n\t\t\t\t\t<\/div>\n\t\t<\/div>\n\t\t\t\t\t<\/div>\n\t\t<\/section>\n\t\t\t\t<section class=\"elementor-section elementor-top-section elementor-element elementor-element-588dbbe elementor-section-boxed elementor-section-height-default elementor-section-height-default\" data-id=\"588dbbe\" data-element_type=\"section\">\n\t\t\t\t\t\t<div class=\"elementor-container elementor-column-gap-default\">\n\t\t\t\t\t<div class=\"elementor-column elementor-col-100 elementor-top-column elementor-element elementor-element-19b26f5\" data-id=\"19b26f5\" data-element_type=\"column\">\n\t\t\t<div class=\"elementor-widget-wrap elementor-element-populated\">\n\t\t\t\t\t\t<div class=\"elementor-element elementor-element-50d235f elementor-widget elementor-widget-text-editor\" data-id=\"50d235f\" data-element_type=\"widget\" data-widget_type=\"text-editor.default\">\n\t\t\t\t<div class=\"elementor-widget-container\">\n\t\t\t\t\t\t\t<p>Au\u00dferdem wird das Publikum von Erz\u00e4hler:innen durch die Handlung geleitet und es wird \u00f6fter mal mit der vierten Wand gespielt. So konnte ich der Handlung trotz verschiedener Zeitebenen und komplexer Beziehungen zwischen den Charakteren sehr gut folgen. Das St\u00fcck ist zwar mit drei Stunden (inklusive Pause) relativ lang, aber sehr abwechslungsreich gestaltet und hat auch einige lustige Stellen. Langweilig wird es also nicht.<\/p>\t\t\t\t\t\t<\/div>\n\t\t\t\t<\/div>\n\t\t\t\t\t<\/div>\n\t\t<\/div>\n\t\t\t\t\t<\/div>\n\t\t<\/section>\n\t\t\t\t<section class=\"elementor-section elementor-top-section elementor-element elementor-element-cfa3c30 elementor-section-boxed elementor-section-height-default elementor-section-height-default\" data-id=\"cfa3c30\" data-element_type=\"section\">\n\t\t\t\t\t\t<div class=\"elementor-container elementor-column-gap-default\">\n\t\t\t\t\t<div class=\"elementor-column elementor-col-66 elementor-top-column elementor-element elementor-element-f2c9695\" data-id=\"f2c9695\" data-element_type=\"column\">\n\t\t\t<div class=\"elementor-widget-wrap elementor-element-populated\">\n\t\t\t\t\t\t<div class=\"elementor-element elementor-element-dfd5901 elementor-widget elementor-widget-text-editor\" data-id=\"dfd5901\" data-element_type=\"widget\" data-widget_type=\"text-editor.default\">\n\t\t\t\t<div class=\"elementor-widget-container\">\n\t\t\t\t\t\t\t<p>Die Orestie ist nicht nur eines der \u00e4ltesten Theaterst\u00fccke, sondern auch die erste schriftliche Darstellung einer demokratischen Abstimmung. In dem St\u00fcck wird der Kreislauf der Rache schlie\u00dflich durch eine Abstimmung der B\u00fcrger:innen beendet. Auf dieser Grundlage versucht auch die Inszenierung im Theater Aachen, das Publikum mit einzubeziehen. Das passiert aber nur stellenweise und, gerade bei der Abstimmung am Ende, ein bisschen halbherzig. Es ist nicht so, dass das Publikum den Verlauf der Handlung beeinflussen kann, sondern eher eine Meinungsabfrage.<\/p><p>Trotzdem ist \u201eDie Orestie\u201c eine abwechslungsreiche und interessante Inszenierung, die einen guten Einstieg in die Welt des antiken Theaters bieten kann.\u00a0<\/p><p>Das St\u00fcck l\u00e4uft noch bis Februar n\u00e4chsten Jahres im Theater Aachen. Genaue Termine sind auf der Website des Theaters Aachen einsehbar.\u00a0 \u00a0 \u00a0 \u00a0 \u00a0 \u00a0 \u00a0 \u00a0 \u00a0 \u00a0 \u00a0 \u00a0 \u00a0 \u00a0 \u00a0 \u00a0 \u00a0 \u00a0 \u00a0 \u00a0 \u00a0 \u00a0 \u00a0 \u00a0 \u00a0 \u00a0 \u00a0 \u00a0 \u00a0 \u00a0 \u00a0 \u00a0 \u00a0 \u00a0 \u00a0\u00a0<\/p>\t\t\t\t\t\t<\/div>\n\t\t\t\t<\/div>\n\t\t\t\t\t<\/div>\n\t\t<\/div>\n\t\t\t\t<div class=\"elementor-column elementor-col-33 elementor-top-column elementor-element elementor-element-4956dc5\" data-id=\"4956dc5\" data-element_type=\"column\">\n\t\t\t<div class=\"elementor-widget-wrap elementor-element-populated\">\n\t\t\t\t\t\t<div class=\"elementor-element elementor-element-533f9b3 elementor-widget elementor-widget-image\" data-id=\"533f9b3\" data-element_type=\"widget\" data-widget_type=\"image.default\">\n\t\t\t\t<div class=\"elementor-widget-container\">\n\t\t\t\t\t\t\t\t\t\t\t\t\t<img decoding=\"async\" width=\"768\" height=\"1024\" src=\"https:\/\/hochschulradio-aachen.de\/wp-content\/uploads\/2025\/10\/IMG_0954-768x1024.jpg\" class=\"attachment-large size-large wp-image-2764\" alt=\"\" srcset=\"https:\/\/hochschulradio-aachen.de\/wp-content\/uploads\/2025\/10\/IMG_0954-768x1024.jpg 768w, https:\/\/hochschulradio-aachen.de\/wp-content\/uploads\/2025\/10\/IMG_0954-225x300.jpg 225w, https:\/\/hochschulradio-aachen.de\/wp-content\/uploads\/2025\/10\/IMG_0954-1152x1536.jpg 1152w, https:\/\/hochschulradio-aachen.de\/wp-content\/uploads\/2025\/10\/IMG_0954-1536x2048.jpg 1536w, https:\/\/hochschulradio-aachen.de\/wp-content\/uploads\/2025\/10\/IMG_0954-scaled.jpg 1920w\" sizes=\"(max-width: 768px) 100vw, 768px\" \/>\t\t\t\t\t\t\t\t\t\t\t\t\t<\/div>\n\t\t\t\t<\/div>\n\t\t\t\t<div class=\"elementor-element elementor-element-4f79df3 elementor-widget elementor-widget-text-editor\" data-id=\"4f79df3\" data-element_type=\"widget\" data-widget_type=\"text-editor.default\">\n\t\t\t\t<div class=\"elementor-widget-container\">\n\t\t\t\t\t\t\t<p><em>\u00a0 \u00a0 \u00a0 \u00a0Rezension von Marit Grei\u00dfinger 12.10.2025<\/em><\/p>\t\t\t\t\t\t<\/div>\n\t\t\t\t<\/div>\n\t\t\t\t\t<\/div>\n\t\t<\/div>\n\t\t\t\t\t<\/div>\n\t\t<\/section>\n\t\t\t\t<\/div>\n\t\t","protected":false},"excerpt":{"rendered":"<p>Ein Graffiti zeigt den Satz \u201eDie Toten t\u00f6ten die Lebenden\u201c \u2013 dieses B\u00fchnenbild fasst die Handlung von \u201eDie Orestie\u201c ziemlich gut zusammen. Das 2500 Jahre alte St\u00fcck handelt von der tragischen Geschichte der Nachkommen des Tantalos. Dadurch, dass Tantalos die G\u00f6tter betrogen hat, liegt nun ein Fluch auf der Familie. Der Gro\u00dfteil des St\u00fccks spielt [&hellip;]<\/p>\n","protected":false},"author":2,"featured_media":0,"parent":0,"menu_order":0,"comment_status":"closed","ping_status":"closed","template":"","meta":[],"aioseo_notices":[],"_links":{"self":[{"href":"https:\/\/hochschulradio-aachen.de\/en\/wp-json\/wp\/v2\/pages\/2761"}],"collection":[{"href":"https:\/\/hochschulradio-aachen.de\/en\/wp-json\/wp\/v2\/pages"}],"about":[{"href":"https:\/\/hochschulradio-aachen.de\/en\/wp-json\/wp\/v2\/types\/page"}],"author":[{"embeddable":true,"href":"https:\/\/hochschulradio-aachen.de\/en\/wp-json\/wp\/v2\/users\/2"}],"replies":[{"embeddable":true,"href":"https:\/\/hochschulradio-aachen.de\/en\/wp-json\/wp\/v2\/comments?post=2761"}],"version-history":[{"count":5,"href":"https:\/\/hochschulradio-aachen.de\/en\/wp-json\/wp\/v2\/pages\/2761\/revisions"}],"predecessor-version":[{"id":2768,"href":"https:\/\/hochschulradio-aachen.de\/en\/wp-json\/wp\/v2\/pages\/2761\/revisions\/2768"}],"wp:attachment":[{"href":"https:\/\/hochschulradio-aachen.de\/en\/wp-json\/wp\/v2\/media?parent=2761"}],"curies":[{"name":"wp","href":"https:\/\/api.w.org\/{rel}","templated":true}]}}