{"id":2844,"date":"2026-01-22T00:54:46","date_gmt":"2026-01-22T00:54:46","guid":{"rendered":"https:\/\/hochschulradio-aachen.de\/?page_id=2844"},"modified":"2026-03-03T16:16:45","modified_gmt":"2026-03-03T16:16:45","slug":"bach-in-space-rezension","status":"publish","type":"page","link":"https:\/\/hochschulradio-aachen.de\/en\/bach-in-space-rezension","title":{"rendered":"&#8222;Bach in Space&#8220; Rezension"},"content":{"rendered":"\t\t<div data-elementor-type=\"wp-page\" data-elementor-id=\"2844\" class=\"elementor elementor-2844\">\n\t\t\t\t\t\t<section class=\"elementor-section elementor-top-section elementor-element elementor-element-785ceeb elementor-section-boxed elementor-section-height-default elementor-section-height-default\" data-id=\"785ceeb\" data-element_type=\"section\">\n\t\t\t\t\t\t<div class=\"elementor-container elementor-column-gap-default\">\n\t\t\t\t\t<div class=\"elementor-column elementor-col-33 elementor-top-column elementor-element elementor-element-7836bbd\" data-id=\"7836bbd\" data-element_type=\"column\">\n\t\t\t<div class=\"elementor-widget-wrap elementor-element-populated\">\n\t\t\t\t\t\t<div class=\"elementor-element elementor-element-38e52a5 elementor-widget__width-initial elementor-widget elementor-widget-image\" data-id=\"38e52a5\" data-element_type=\"widget\" data-widget_type=\"image.default\">\n\t\t\t\t<div class=\"elementor-widget-container\">\n\t\t\t<style>\/*! elementor - v3.23.0 - 05-08-2024 *\/\n.elementor-widget-image{text-align:center}.elementor-widget-image a{display:inline-block}.elementor-widget-image a img[src$=\".svg\"]{width:48px}.elementor-widget-image img{vertical-align:middle;display:inline-block}<\/style>\t\t\t\t\t\t\t\t\t\t<img fetchpriority=\"high\" decoding=\"async\" width=\"400\" height=\"400\" src=\"https:\/\/hochschulradio-aachen.de\/wp-content\/uploads\/2026\/01\/Bach-in-Space-16x9_01.jpg\" class=\"attachment-large size-large wp-image-2846\" alt=\"\" srcset=\"https:\/\/hochschulradio-aachen.de\/wp-content\/uploads\/2026\/01\/Bach-in-Space-16x9_01.jpg 400w, https:\/\/hochschulradio-aachen.de\/wp-content\/uploads\/2026\/01\/Bach-in-Space-16x9_01-300x300.jpg 300w, https:\/\/hochschulradio-aachen.de\/wp-content\/uploads\/2026\/01\/Bach-in-Space-16x9_01-150x150.jpg 150w\" sizes=\"(max-width: 400px) 100vw, 400px\" \/>\t\t\t\t\t\t\t\t\t\t\t\t\t<\/div>\n\t\t\t\t<\/div>\n\t\t\t\t\t<\/div>\n\t\t<\/div>\n\t\t\t\t<div class=\"elementor-column elementor-col-66 elementor-top-column elementor-element elementor-element-8c4b078\" data-id=\"8c4b078\" data-element_type=\"column\">\n\t\t\t<div class=\"elementor-widget-wrap elementor-element-populated\">\n\t\t\t\t\t\t<div class=\"elementor-element elementor-element-78a4061 elementor-widget__width-initial elementor-widget elementor-widget-text-editor\" data-id=\"78a4061\" data-element_type=\"widget\" data-widget_type=\"text-editor.default\">\n\t\t\t\t<div class=\"elementor-widget-container\">\n\t\t\t<style>\/*! elementor - v3.23.0 - 05-08-2024 *\/\n.elementor-widget-text-editor.elementor-drop-cap-view-stacked .elementor-drop-cap{background-color:#69727d;color:#fff}.elementor-widget-text-editor.elementor-drop-cap-view-framed .elementor-drop-cap{color:#69727d;border:3px solid;background-color:transparent}.elementor-widget-text-editor:not(.elementor-drop-cap-view-default) .elementor-drop-cap{margin-top:8px}.elementor-widget-text-editor:not(.elementor-drop-cap-view-default) .elementor-drop-cap-letter{width:1em;height:1em}.elementor-widget-text-editor .elementor-drop-cap{float:left;text-align:center;line-height:1;font-size:50px}.elementor-widget-text-editor .elementor-drop-cap-letter{display:inline-block}<\/style>\t\t\t\t<p>Bach in Space. Der Name klingt simpel. Das Konzept ist es im Grunde auch. Organisiert von Alegria Concerts und M\u00fcnchenmusik verwandelte sich das Eurogress in Aachen am 3ten Januar 2026 f\u00fcr etwas \u00fcber eine Stunde in eine Sternwarte. Auf einem gro\u00dfem Monitor wurden Aufnahmen des Weltalls pr\u00e4sentiert, die von der NASA und der ESA bereitgestellt wurden. Begleitet wurden die Aufnahmen von einem Solo Konzert der Pianistin Mona Asuka, die eine Auswahl an St\u00fccken von Johann Sebastian Bach spielte. Ich bin dabei gewesen und werde nun meine Eindr\u00fccke schildern.<\/p>\t\t\t\t\t\t<\/div>\n\t\t\t\t<\/div>\n\t\t\t\t\t<\/div>\n\t\t<\/div>\n\t\t\t\t\t<\/div>\n\t\t<\/section>\n\t\t\t\t<section class=\"elementor-section elementor-top-section elementor-element elementor-element-ed1ee06 elementor-section-boxed elementor-section-height-default elementor-section-height-default\" data-id=\"ed1ee06\" data-element_type=\"section\">\n\t\t\t\t\t\t<div class=\"elementor-container elementor-column-gap-default\">\n\t\t\t\t\t<div class=\"elementor-column elementor-col-100 elementor-top-column elementor-element elementor-element-1ed0ccf\" data-id=\"1ed0ccf\" data-element_type=\"column\">\n\t\t\t<div class=\"elementor-widget-wrap elementor-element-populated\">\n\t\t\t\t\t\t<div class=\"elementor-element elementor-element-4c47c46 elementor-widget elementor-widget-text-editor\" data-id=\"4c47c46\" data-element_type=\"widget\" data-widget_type=\"text-editor.default\">\n\t\t\t\t<div class=\"elementor-widget-container\">\n\t\t\t\t\t\t\t<p>Das Weltall \u00fcbt eine ganz eigene Faszination aus. Bei mir fing es schon im Kindesalter an. Wie gebannt schaute ich Bilder von Sternen, Nebeln und Galaxien an, ohne zu wissen, was genau ich da eigentlich betrachte. Die reine \u00c4sthetik war genug, um mich stundenlang zu fesseln. Es hatte definitiv etwas Meditatives. Dieses Meditative teilt sich das Weltall mit der Musik und dem Akt des Musizierens. Die Verbindung dieser beiden Sph\u00e4ren gelang Bach in Space hervorragend, wie ich finde. W\u00e4hrend der Vorstellung verlor ich jegliches Zeitgef\u00fchl. Es ging zeitweise vom Meditativen fast in das Hypnotische \u00fcber.<\/p>\t\t\t\t\t\t<\/div>\n\t\t\t\t<\/div>\n\t\t\t\t\t<\/div>\n\t\t<\/div>\n\t\t\t\t\t<\/div>\n\t\t<\/section>\n\t\t\t\t<section class=\"elementor-section elementor-top-section elementor-element elementor-element-1253a48 elementor-section-boxed elementor-section-height-default elementor-section-height-default\" data-id=\"1253a48\" data-element_type=\"section\">\n\t\t\t\t\t\t<div class=\"elementor-container elementor-column-gap-default\">\n\t\t\t\t\t<div class=\"elementor-column elementor-col-66 elementor-top-column elementor-element elementor-element-73648b0\" data-id=\"73648b0\" data-element_type=\"column\">\n\t\t\t<div class=\"elementor-widget-wrap elementor-element-populated\">\n\t\t\t\t\t\t<div class=\"elementor-element elementor-element-3830840 elementor-widget elementor-widget-text-editor\" data-id=\"3830840\" data-element_type=\"widget\" data-widget_type=\"text-editor.default\">\n\t\t\t\t<div class=\"elementor-widget-container\">\n\t\t\t\t\t\t\t<p>Hervorzuheben ist definitiv die grandiose Leistung der Solo-Pianistin Mona Asuka, die den St\u00fccken von Bach mit ihrer leidenschaftlichen Performance neues Leben eingehaucht hat. An einigen Stellen war sie fast im Begriff, den Aufnahmen die Show zu stehlen. Ich habe mich jedenfalls mehrere Male dabei erwischt, wie ich minutenlang ihre H\u00e4nde auf der Klaviatur beobachtet habe, anstatt meine Augen auf den Gro\u00dfbildschirm zu richten.\u00a0<\/p><p>Kommen wir zu den Aufnahmen. Viele verbinden das Weltall mit Ehrfurcht. Dieses Gef\u00fchl transportierten die ausgew\u00e4hlten Aufnahmen von \u201eBach in Space\u201c hervorragend. Die gemeinsame Erfahrung, diese unvorstellbar gro\u00dfen und weit entfernten Gebilde sehen zu k\u00f6nnen, gibt einem zu verstehen, wie klein unsere Welt im Vergleich zu der da drau\u00dfen eigentlich ist.<\/p>\t\t\t\t\t\t<\/div>\n\t\t\t\t<\/div>\n\t\t\t\t\t<\/div>\n\t\t<\/div>\n\t\t\t\t<div class=\"elementor-column elementor-col-33 elementor-top-column elementor-element elementor-element-f9a651a\" data-id=\"f9a651a\" data-element_type=\"column\">\n\t\t\t<div class=\"elementor-widget-wrap elementor-element-populated\">\n\t\t\t\t\t\t<div class=\"elementor-element elementor-element-5831e60 elementor-widget elementor-widget-image\" data-id=\"5831e60\" data-element_type=\"widget\" data-widget_type=\"image.default\">\n\t\t\t\t<div class=\"elementor-widget-container\">\n\t\t\t\t\t\t\t\t\t\t<figure class=\"wp-caption\">\n\t\t\t\t\t\t\t\t\t\t<img decoding=\"async\" width=\"394\" height=\"394\" src=\"https:\/\/hochschulradio-aachen.de\/wp-content\/uploads\/2026\/01\/Mona-Asuka-by-Christian-H.-Hasselbusch-2.jpg\" class=\"attachment-large size-large wp-image-2847\" alt=\"\" srcset=\"https:\/\/hochschulradio-aachen.de\/wp-content\/uploads\/2026\/01\/Mona-Asuka-by-Christian-H.-Hasselbusch-2.jpg 394w, https:\/\/hochschulradio-aachen.de\/wp-content\/uploads\/2026\/01\/Mona-Asuka-by-Christian-H.-Hasselbusch-2-300x300.jpg 300w, https:\/\/hochschulradio-aachen.de\/wp-content\/uploads\/2026\/01\/Mona-Asuka-by-Christian-H.-Hasselbusch-2-150x150.jpg 150w\" sizes=\"(max-width: 394px) 100vw, 394px\" \/>\t\t\t\t\t\t\t\t\t\t\t<figcaption class=\"widget-image-caption wp-caption-text\">Pianistin Mona Asuka (Copryright Alegria Concerts)<\/figcaption>\n\t\t\t\t\t\t\t\t\t\t<\/figure>\n\t\t\t\t\t\t\t<\/div>\n\t\t\t\t<\/div>\n\t\t\t\t\t<\/div>\n\t\t<\/div>\n\t\t\t\t\t<\/div>\n\t\t<\/section>\n\t\t\t\t<section class=\"elementor-section elementor-top-section elementor-element elementor-element-cfb9860 elementor-section-boxed elementor-section-height-default elementor-section-height-default\" data-id=\"cfb9860\" data-element_type=\"section\">\n\t\t\t\t\t\t<div class=\"elementor-container elementor-column-gap-default\">\n\t\t\t\t\t<div class=\"elementor-column elementor-col-100 elementor-top-column elementor-element elementor-element-ccae999\" data-id=\"ccae999\" data-element_type=\"column\">\n\t\t\t<div class=\"elementor-widget-wrap elementor-element-populated\">\n\t\t\t\t\t\t<div class=\"elementor-element elementor-element-5e069e7 elementor-widget elementor-widget-text-editor\" data-id=\"5e069e7\" data-element_type=\"widget\" data-widget_type=\"text-editor.default\">\n\t\t\t\t<div class=\"elementor-widget-container\">\n\t\t\t\t\t\t\t<p>Leider wirkten einige der Aufnahmen qualitativ hochwertiger als andere. Bei einigen Aufnahmen zum Anfang der Vorstellung, war ich mir nicht sicher, ob sie nicht mit dem Computer animiert worden sind. Wie bereits erw\u00e4hnt, fand ich jedoch den Gro\u00dfteil der Aufnahmen sehr gut kuratiert.<\/p>\t\t\t\t\t\t<\/div>\n\t\t\t\t<\/div>\n\t\t\t\t\t<\/div>\n\t\t<\/div>\n\t\t\t\t\t<\/div>\n\t\t<\/section>\n\t\t\t\t<section class=\"elementor-section elementor-top-section elementor-element elementor-element-432f603 elementor-section-boxed elementor-section-height-default elementor-section-height-default\" data-id=\"432f603\" data-element_type=\"section\">\n\t\t\t\t\t\t<div class=\"elementor-container elementor-column-gap-default\">\n\t\t\t\t\t<div class=\"elementor-column elementor-col-33 elementor-top-column elementor-element elementor-element-72d14a8\" data-id=\"72d14a8\" data-element_type=\"column\">\n\t\t\t<div class=\"elementor-widget-wrap elementor-element-populated\">\n\t\t\t\t\t\t<div class=\"elementor-element elementor-element-278d018 elementor-widget elementor-widget-image\" data-id=\"278d018\" data-element_type=\"widget\" data-widget_type=\"image.default\">\n\t\t\t\t<div class=\"elementor-widget-container\">\n\t\t\t\t\t\t\t\t\t\t<figure class=\"wp-caption\">\n\t\t\t\t\t\t\t\t\t\t<img decoding=\"async\" width=\"733\" height=\"1024\" src=\"https:\/\/hochschulradio-aachen.de\/wp-content\/uploads\/2026\/01\/stsci-01j06y2cnayapkbw5ekm4s94xj-733x1024.png\" class=\"attachment-large size-large wp-image-2848\" alt=\"\" srcset=\"https:\/\/hochschulradio-aachen.de\/wp-content\/uploads\/2026\/01\/stsci-01j06y2cnayapkbw5ekm4s94xj-733x1024.png 733w, https:\/\/hochschulradio-aachen.de\/wp-content\/uploads\/2026\/01\/stsci-01j06y2cnayapkbw5ekm4s94xj-215x300.png 215w, https:\/\/hochschulradio-aachen.de\/wp-content\/uploads\/2026\/01\/stsci-01j06y2cnayapkbw5ekm4s94xj-768x1073.png 768w, https:\/\/hochschulradio-aachen.de\/wp-content\/uploads\/2026\/01\/stsci-01j06y2cnayapkbw5ekm4s94xj-1100x1536.png 1100w, https:\/\/hochschulradio-aachen.de\/wp-content\/uploads\/2026\/01\/stsci-01j06y2cnayapkbw5ekm4s94xj-1467x2048.png 1467w\" sizes=\"(max-width: 733px) 100vw, 733px\" \/>\t\t\t\t\t\t\t\t\t\t\t<figcaption class=\"widget-image-caption wp-caption-text\">Pinguin und Ei (Quelle: NASA)<\/figcaption>\n\t\t\t\t\t\t\t\t\t\t<\/figure>\n\t\t\t\t\t\t\t<\/div>\n\t\t\t\t<\/div>\n\t\t\t\t\t<\/div>\n\t\t<\/div>\n\t\t\t\t<div class=\"elementor-column elementor-col-66 elementor-top-column elementor-element elementor-element-b4da2ca\" data-id=\"b4da2ca\" data-element_type=\"column\">\n\t\t\t<div class=\"elementor-widget-wrap elementor-element-populated\">\n\t\t\t\t\t\t<div class=\"elementor-element elementor-element-5202e91 elementor-widget elementor-widget-text-editor\" data-id=\"5202e91\" data-element_type=\"widget\" data-widget_type=\"text-editor.default\">\n\t\t\t\t<div class=\"elementor-widget-container\">\n\t\t\t\t\t\t\t<p>Vor allem die Namen der gezeigten Formationen bewegten mich und auch meine umliegenden Mitmenschen immer wieder zum schmunzeln. \u00dcberlasst es der Kreativit\u00e4t von Menschen, in einem unvorstellbar gro\u00dfen Haufen von Gas, Gesteinsbrocken und Licht ein Pinguin zu erkennen. Das bildet f\u00fcr mich auch die Schlusspointe der gesamten Auff\u00fchrung. Wir sind vielleicht Winzlinge in einer Welt von Titanen. Wir haben vielleicht wenig Einfluss auf die Bewegungen, die unser Universum vollzieht. Aber wir sind vielleicht auch die einzigen, die es wirklich erleben. Und m\u00f6glicherweise ist das der Sinn des Ganzen.\u00a0<\/p><p>Alles in allem kann ich eine Empfehlung f\u00fcr Bach in Space aussprechen, sollte es wieder nach Aachen kommen. Bis dahin lohnt es sich aber vermutlich auch, den restlichen Katalog von Alegria auszukundschaften.<\/p>\t\t\t\t\t\t<\/div>\n\t\t\t\t<\/div>\n\t\t\t\t<div class=\"elementor-element elementor-element-7c18685 elementor-widget__width-initial elementor-widget elementor-widget-text-editor\" data-id=\"7c18685\" data-element_type=\"widget\" data-widget_type=\"text-editor.default\">\n\t\t\t\t<div class=\"elementor-widget-container\">\n\t\t\t\t\t\t\t<p>Rezension von Lars Mei\u00dfner 13.01.26<\/p>\t\t\t\t\t\t<\/div>\n\t\t\t\t<\/div>\n\t\t\t\t\t<\/div>\n\t\t<\/div>\n\t\t\t\t\t<\/div>\n\t\t<\/section>\n\t\t\t\t<section class=\"elementor-section elementor-top-section elementor-element elementor-element-7be8365 elementor-section-boxed elementor-section-height-default elementor-section-height-default\" data-id=\"7be8365\" data-element_type=\"section\">\n\t\t\t\t\t\t<div class=\"elementor-container elementor-column-gap-default\">\n\t\t\t\t\t<div class=\"elementor-column elementor-col-100 elementor-top-column elementor-element elementor-element-7a0b729\" data-id=\"7a0b729\" data-element_type=\"column\">\n\t\t\t<div class=\"elementor-widget-wrap elementor-element-populated\">\n\t\t\t\t\t\t<div class=\"elementor-element elementor-element-7c4101e elementor-widget-divider--view-line elementor-widget elementor-widget-divider\" data-id=\"7c4101e\" data-element_type=\"widget\" data-widget_type=\"divider.default\">\n\t\t\t\t<div class=\"elementor-widget-container\">\n\t\t\t<style>\/*! elementor - v3.23.0 - 05-08-2024 *\/\n.elementor-widget-divider{--divider-border-style:none;--divider-border-width:1px;--divider-color:#0c0d0e;--divider-icon-size:20px;--divider-element-spacing:10px;--divider-pattern-height:24px;--divider-pattern-size:20px;--divider-pattern-url:none;--divider-pattern-repeat:repeat-x}.elementor-widget-divider .elementor-divider{display:flex}.elementor-widget-divider .elementor-divider__text{font-size:15px;line-height:1;max-width:95%}.elementor-widget-divider .elementor-divider__element{margin:0 var(--divider-element-spacing);flex-shrink:0}.elementor-widget-divider .elementor-icon{font-size:var(--divider-icon-size)}.elementor-widget-divider .elementor-divider-separator{display:flex;margin:0;direction:ltr}.elementor-widget-divider--view-line_icon .elementor-divider-separator,.elementor-widget-divider--view-line_text .elementor-divider-separator{align-items:center}.elementor-widget-divider--view-line_icon .elementor-divider-separator:after,.elementor-widget-divider--view-line_icon .elementor-divider-separator:before,.elementor-widget-divider--view-line_text .elementor-divider-separator:after,.elementor-widget-divider--view-line_text .elementor-divider-separator:before{display:block;content:\"\";border-block-end:0;flex-grow:1;border-block-start:var(--divider-border-width) var(--divider-border-style) var(--divider-color)}.elementor-widget-divider--element-align-left .elementor-divider .elementor-divider-separator>.elementor-divider__svg:first-of-type{flex-grow:0;flex-shrink:100}.elementor-widget-divider--element-align-left .elementor-divider-separator:before{content:none}.elementor-widget-divider--element-align-left .elementor-divider__element{margin-left:0}.elementor-widget-divider--element-align-right .elementor-divider .elementor-divider-separator>.elementor-divider__svg:last-of-type{flex-grow:0;flex-shrink:100}.elementor-widget-divider--element-align-right .elementor-divider-separator:after{content:none}.elementor-widget-divider--element-align-right .elementor-divider__element{margin-right:0}.elementor-widget-divider--element-align-start .elementor-divider .elementor-divider-separator>.elementor-divider__svg:first-of-type{flex-grow:0;flex-shrink:100}.elementor-widget-divider--element-align-start .elementor-divider-separator:before{content:none}.elementor-widget-divider--element-align-start .elementor-divider__element{margin-inline-start:0}.elementor-widget-divider--element-align-end .elementor-divider .elementor-divider-separator>.elementor-divider__svg:last-of-type{flex-grow:0;flex-shrink:100}.elementor-widget-divider--element-align-end .elementor-divider-separator:after{content:none}.elementor-widget-divider--element-align-end .elementor-divider__element{margin-inline-end:0}.elementor-widget-divider:not(.elementor-widget-divider--view-line_text):not(.elementor-widget-divider--view-line_icon) .elementor-divider-separator{border-block-start:var(--divider-border-width) var(--divider-border-style) var(--divider-color)}.elementor-widget-divider--separator-type-pattern{--divider-border-style:none}.elementor-widget-divider--separator-type-pattern.elementor-widget-divider--view-line .elementor-divider-separator,.elementor-widget-divider--separator-type-pattern:not(.elementor-widget-divider--view-line) .elementor-divider-separator:after,.elementor-widget-divider--separator-type-pattern:not(.elementor-widget-divider--view-line) .elementor-divider-separator:before,.elementor-widget-divider--separator-type-pattern:not([class*=elementor-widget-divider--view]) .elementor-divider-separator{width:100%;min-height:var(--divider-pattern-height);-webkit-mask-size:var(--divider-pattern-size) 100%;mask-size:var(--divider-pattern-size) 100%;-webkit-mask-repeat:var(--divider-pattern-repeat);mask-repeat:var(--divider-pattern-repeat);background-color:var(--divider-color);-webkit-mask-image:var(--divider-pattern-url);mask-image:var(--divider-pattern-url)}.elementor-widget-divider--no-spacing{--divider-pattern-size:auto}.elementor-widget-divider--bg-round{--divider-pattern-repeat:round}.rtl .elementor-widget-divider .elementor-divider__text{direction:rtl}.e-con-inner>.elementor-widget-divider,.e-con>.elementor-widget-divider{width:var(--container-widget-width,100%);--flex-grow:var(--container-widget-flex-grow)}<\/style>\t\t<div class=\"elementor-divider\">\n\t\t\t<span class=\"elementor-divider-separator\">\n\t\t\t\t\t\t<\/span>\n\t\t<\/div>\n\t\t\t\t<\/div>\n\t\t\t\t<\/div>\n\t\t\t\t\t<\/div>\n\t\t<\/div>\n\t\t\t\t\t<\/div>\n\t\t<\/section>\n\t\t\t\t<\/div>\n\t\t","protected":false},"excerpt":{"rendered":"<p>Bach in Space. Der Name klingt simpel. Das Konzept ist es im Grunde auch. Organisiert von Alegria Concerts und M\u00fcnchenmusik verwandelte sich das Eurogress in Aachen am 3ten Januar 2026 f\u00fcr etwas \u00fcber eine Stunde in eine Sternwarte. Auf einem gro\u00dfem Monitor wurden Aufnahmen des Weltalls pr\u00e4sentiert, die von der NASA und der ESA bereitgestellt [&hellip;]<\/p>\n","protected":false},"author":2,"featured_media":0,"parent":0,"menu_order":0,"comment_status":"closed","ping_status":"closed","template":"","meta":[],"aioseo_notices":[],"_links":{"self":[{"href":"https:\/\/hochschulradio-aachen.de\/en\/wp-json\/wp\/v2\/pages\/2844"}],"collection":[{"href":"https:\/\/hochschulradio-aachen.de\/en\/wp-json\/wp\/v2\/pages"}],"about":[{"href":"https:\/\/hochschulradio-aachen.de\/en\/wp-json\/wp\/v2\/types\/page"}],"author":[{"embeddable":true,"href":"https:\/\/hochschulradio-aachen.de\/en\/wp-json\/wp\/v2\/users\/2"}],"replies":[{"embeddable":true,"href":"https:\/\/hochschulradio-aachen.de\/en\/wp-json\/wp\/v2\/comments?post=2844"}],"version-history":[{"count":7,"href":"https:\/\/hochschulradio-aachen.de\/en\/wp-json\/wp\/v2\/pages\/2844\/revisions"}],"predecessor-version":[{"id":2957,"href":"https:\/\/hochschulradio-aachen.de\/en\/wp-json\/wp\/v2\/pages\/2844\/revisions\/2957"}],"wp:attachment":[{"href":"https:\/\/hochschulradio-aachen.de\/en\/wp-json\/wp\/v2\/media?parent=2844"}],"curies":[{"name":"wp","href":"https:\/\/api.w.org\/{rel}","templated":true}]}}