{"id":908,"date":"2023-06-22T08:25:56","date_gmt":"2023-06-22T08:25:56","guid":{"rendered":"http:\/\/s522852895.online.de\/?page_id=908"},"modified":"2026-02-20T09:58:41","modified_gmt":"2026-02-20T09:58:41","slug":"impressum","status":"publish","type":"page","link":"https:\/\/hochschulradio-aachen.de\/en\/impressum","title":{"rendered":"Legal Notice"},"content":{"rendered":"<div data-elementor-type=\"wp-page\" data-elementor-id=\"908\" class=\"elementor elementor-908\">\n\t\t\t\t\t\t<section class=\"elementor-section elementor-top-section elementor-element elementor-element-9b08413 elementor-section-boxed elementor-section-height-default elementor-section-height-default\" data-id=\"9b08413\" data-element_type=\"section\">\n\t\t\t\t\t\t<div class=\"elementor-container elementor-column-gap-default\">\n\t\t\t\t\t<div class=\"elementor-column elementor-col-100 elementor-top-column elementor-element elementor-element-788d09b\" data-id=\"788d09b\" data-element_type=\"column\">\n\t\t\t<div class=\"elementor-widget-wrap elementor-element-populated\">\n\t\t\t\t\t\t<section class=\"elementor-section elementor-inner-section elementor-element elementor-element-7d5ff24 elementor-section-boxed elementor-section-height-default elementor-section-height-default\" data-id=\"7d5ff24\" data-element_type=\"section\">\n\t\t\t\t\t\t<div class=\"elementor-container elementor-column-gap-default\">\n\t\t\t\t\t<div class=\"elementor-column elementor-col-50 elementor-inner-column elementor-element elementor-element-ac20d1e\" data-id=\"ac20d1e\" data-element_type=\"column\">\n\t\t\t<div class=\"elementor-widget-wrap elementor-element-populated\">\n\t\t\t\t\t\t<div class=\"elementor-element elementor-element-e9fb169 elementor-widget__width-initial elementor-widget elementor-widget-text-editor\" data-id=\"e9fb169\" data-element_type=\"widget\" data-widget_type=\"text-editor.default\">\n\t\t\t\t<div class=\"elementor-widget-container\">\n\t\t\t<style>\/*! elementor - v3.23.0 - 05-08-2024 *\/\n.elementor-widget-text-editor.elementor-drop-cap-view-stacked .elementor-drop-cap{background-color:#69727d;color:#fff}.elementor-widget-text-editor.elementor-drop-cap-view-framed .elementor-drop-cap{color:#69727d;border:3px solid;background-color:transparent}.elementor-widget-text-editor:not(.elementor-drop-cap-view-default) .elementor-drop-cap{margin-top:8px}.elementor-widget-text-editor:not(.elementor-drop-cap-view-default) .elementor-drop-cap-letter{width:1em;height:1em}.elementor-widget-text-editor .elementor-drop-cap{float:left;text-align:center;line-height:1;font-size:50px}.elementor-widget-text-editor .elementor-drop-cap-letter{display:inline-block}<\/style>\t\t\t\t<p><b>Hochschulradio Aachen eV.<\/b><\/p><p>Adresse. W\u00fcllnerstra\u00dfe 5, 52062 Aachen<\/p><p>Email: vorstand@hochschulradio-aachen.de<\/p><p>Telefon: +492418093751<\/p><p>\u00a0<\/p><p><strong>Vorstand:<\/strong><\/p><p>Ilu Creutzer <em>ilu.creutzer@hochschulradio-aachen.de<\/em><\/p><p>Nadine Pohlen<em> nadine.pohlen@hochschulradio-aachen.de<\/em><\/p><p>Mathias Comsa<em> mathias.comsa@hochschulradio-aachen.de<\/em><\/p><p>\u00a0<\/p><p><strong>Chefredaktion:<\/strong><\/p><p>Lars Mei\u00dfner<em>\u00a0Lars.Meissner@hochschulradio-aachen.de<\/em><\/p><p>Marit Grei\u00dfinger<em> marit.greissinger@hochschulradio-aachen.de<\/em><\/p><p>\u00a0<\/p><p>Vereinsregisternummer Amtsgericht Aachen: VR 3920<\/p><p>Steuernummer: 201\/5911\/3354<\/p><p>Aufsichtsbeh\u00f6rde f\u00fcr das Hochschulradio:<\/p><p>Landesanstalt f\u00fcr Medien Nordrhein-Westfalen (LfM)<\/p><p>Die Nutzung und Vervielf\u00e4ltigung eines, in unserem Programm enthaltenen Werkes aus der GEMA Datenbank f\u00fcr das Text und Data Mining und damit insbesondere f\u00fcr das Training einer k\u00fcnstlichen Intelligenz bleibt gem\u00e4\u00df \u00a7 44b UrhG ausdr\u00fccklich vorbehalten. F\u00fcr eine beabsichtigte Nutzung zu Zwecken des Text und Data Mining ist der Kontakt mit der GEMA, M\u00fcnchen, aufzunehmen.<\/p>\t\t\t\t\t\t<\/div>\n\t\t\t\t<\/div>\n\t\t\t\t\t<\/div>\n\t\t<\/div>\n\t\t\t\t<div class=\"elementor-column elementor-col-50 elementor-inner-column elementor-element elementor-element-af2a237\" data-id=\"af2a237\" data-element_type=\"column\">\n\t\t\t<div class=\"elementor-widget-wrap\">\n\t\t\t\t\t\t\t<\/div>\n\t\t<\/div>\n\t\t\t\t\t<\/div>\n\t\t<\/section>\n\t\t\t\t\t<\/div>\n\t\t<\/div>\n\t\t\t\t\t<\/div>\n\t\t<\/section>\n\t\t\t\t<\/div>","protected":false},"excerpt":{"rendered":"<p>Hochschulradio Aachen eV. Adresse. W\u00fcllnerstra\u00dfe 5, 52062 Aachen Email: vorstand@hochschulradio-aachen.de Telefon: +492418093751 \u00a0 Vorstand: Ilu Creutzer ilu.creutzer@hochschulradio-aachen.de Nadine Pohlen nadine.pohlen@hochschulradio-aachen.de Mathias Comsa mathias.comsa@hochschulradio-aachen.de \u00a0 Chefredaktion: Lars Mei\u00dfner\u00a0Lars.Meissner@hochschulradio-aachen.de Marit Grei\u00dfinger marit.greissinger@hochschulradio-aachen.de \u00a0 Vereinsregisternummer Amtsgericht Aachen: VR 3920 Steuernummer: 201\/5911\/3354 Aufsichtsbeh\u00f6rde f\u00fcr das Hochschulradio: Landesanstalt f\u00fcr Medien Nordrhein-Westfalen (LfM) Die Nutzung und Vervielf\u00e4ltigung eines, in unserem Programm [&hellip;]<\/p>\n","protected":false},"author":1,"featured_media":0,"parent":0,"menu_order":0,"comment_status":"closed","ping_status":"closed","template":"","meta":[],"aioseo_notices":[],"_links":{"self":[{"href":"https:\/\/hochschulradio-aachen.de\/en\/wp-json\/wp\/v2\/pages\/908"}],"collection":[{"href":"https:\/\/hochschulradio-aachen.de\/en\/wp-json\/wp\/v2\/pages"}],"about":[{"href":"https:\/\/hochschulradio-aachen.de\/en\/wp-json\/wp\/v2\/types\/page"}],"author":[{"embeddable":true,"href":"https:\/\/hochschulradio-aachen.de\/en\/wp-json\/wp\/v2\/users\/1"}],"replies":[{"embeddable":true,"href":"https:\/\/hochschulradio-aachen.de\/en\/wp-json\/wp\/v2\/comments?post=908"}],"version-history":[{"count":40,"href":"https:\/\/hochschulradio-aachen.de\/en\/wp-json\/wp\/v2\/pages\/908\/revisions"}],"predecessor-version":[{"id":2950,"href":"https:\/\/hochschulradio-aachen.de\/en\/wp-json\/wp\/v2\/pages\/908\/revisions\/2950"}],"wp:attachment":[{"href":"https:\/\/hochschulradio-aachen.de\/en\/wp-json\/wp\/v2\/media?parent=908"}],"curies":[{"name":"wp","href":"https:\/\/api.w.org\/{rel}","templated":true}]}}